{"id":7450,"date":"2025-03-08T20:09:59","date_gmt":"2025-03-08T20:09:59","guid":{"rendered":"https:\/\/demo3.demo.servonet.it\/?page_id=7450"},"modified":"2025-07-04T14:36:38","modified_gmt":"2025-07-04T14:36:38","slug":"spa-belvedere","status":"publish","type":"page","link":"https:\/\/hotelcorona-spiazzi.it\/de\/servizi\/spa-belvedere\/","title":{"rendered":"Belvedere Kurort"},"content":{"rendered":"<div data-elementor-type=\"wp-page\" data-elementor-id=\"7450\" class=\"elementor elementor-7450\" data-elementor-settings=\"{&quot;ha_cmc_init_switcher&quot;:&quot;no&quot;}\">\n\t\t\t\t\t\t<section class=\"elementor-section elementor-top-section elementor-element elementor-element-134bfd2 ct-section-stretched elementor-section-full_width elementor-section-height-min-height elementor-section-height-default elementor-section-items-middle wpr-particle-no wpr-jarallax-no wpr-parallax-no wpr-sticky-section-no\" data-id=\"134bfd2\" data-element_type=\"section\" data-settings=\"{&quot;background_background&quot;:&quot;classic&quot;,&quot;_ha_eqh_enable&quot;:false}\">\n\t\t\t\t\t\t<div class=\"elementor-container elementor-column-gap-default\">\n\t\t\t\t\t<div class=\"elementor-column elementor-col-100 elementor-top-column elementor-element elementor-element-f59e524\" data-id=\"f59e524\" data-element_type=\"column\">\n\t\t\t<div class=\"elementor-widget-wrap\">\n\t\t\t\t\t\t\t<\/div>\n\t\t<\/div>\n\t\t\t\t\t<\/div>\n\t\t<\/section>\n\t\t\t\t<section class=\"elementor-section elementor-top-section elementor-element elementor-element-b46d5e8 ct-section-stretched elementor-section-boxed elementor-section-height-default elementor-section-height-default wpr-particle-no wpr-jarallax-no wpr-parallax-no wpr-sticky-section-no\" data-id=\"b46d5e8\" data-element_type=\"section\" data-settings=\"{&quot;background_background&quot;:&quot;classic&quot;,&quot;_ha_eqh_enable&quot;:false}\">\n\t\t\t\t\t\t<div class=\"elementor-container elementor-column-gap-default\">\n\t\t\t\t\t<div class=\"elementor-column elementor-col-50 elementor-top-column elementor-element elementor-element-0b3f805\" data-id=\"0b3f805\" data-element_type=\"column\" data-settings=\"{&quot;background_background&quot;:&quot;classic&quot;}\">\n\t\t\t<div class=\"elementor-widget-wrap elementor-element-populated\">\n\t\t\t\t\t\t<div class=\"elementor-element elementor-element-7ff0af8 elementor-widget elementor-widget-heading\" data-id=\"7ff0af8\" data-element_type=\"widget\" data-widget_type=\"heading.default\">\n\t\t\t\t<div class=\"elementor-widget-container\">\n\t\t\t\t\t<h2 class=\"elementor-heading-title elementor-size-default\">Entdecken Sie die exklusive<\/h2>\t\t\t\t<\/div>\n\t\t\t\t<\/div>\n\t\t\t\t<div class=\"elementor-element elementor-element-52f53c4 elementor-widget elementor-widget-heading\" data-id=\"52f53c4\" data-element_type=\"widget\" data-widget_type=\"heading.default\">\n\t\t\t\t<div class=\"elementor-widget-container\">\n\t\t\t\t\t<h2 class=\"elementor-heading-title elementor-size-default\">SPA\nBELVEDERE<\/h2>\t\t\t\t<\/div>\n\t\t\t\t<\/div>\n\t\t\t\t\t<\/div>\n\t\t<\/div>\n\t\t\t\t<div class=\"elementor-column elementor-col-50 elementor-top-column elementor-element elementor-element-a4c9331\" data-id=\"a4c9331\" data-element_type=\"column\">\n\t\t\t<div class=\"elementor-widget-wrap elementor-element-populated\">\n\t\t\t\t\t\t<div class=\"elementor-element elementor-element-3c43579 elementor-widget elementor-widget-heading\" data-id=\"3c43579\" data-element_type=\"widget\" data-widget_type=\"heading.default\">\n\t\t\t\t<div class=\"elementor-widget-container\">\n\t\t\t\t\t<h2 class=\"elementor-heading-title elementor-size-default\">WELLNESS ZWISCHEN SEE UND BERG<\/h2>\t\t\t\t<\/div>\n\t\t\t\t<\/div>\n\t\t\t\t\t<\/div>\n\t\t<\/div>\n\t\t\t\t\t<\/div>\n\t\t<\/section>\n\t\t\t\t<section class=\"elementor-section elementor-top-section elementor-element elementor-element-c72ffc1 ct-section-stretched elementor-section-height-min-height elementor-section-boxed elementor-section-height-default elementor-section-items-middle wpr-particle-no wpr-jarallax-no wpr-parallax-no wpr-sticky-section-no\" data-id=\"c72ffc1\" data-element_type=\"section\" data-settings=\"{&quot;background_background&quot;:&quot;classic&quot;,&quot;_ha_eqh_enable&quot;:false}\">\n\t\t\t\t\t\t<div class=\"elementor-container elementor-column-gap-default\">\n\t\t\t\t\t<div class=\"elementor-column elementor-col-100 elementor-top-column elementor-element elementor-element-cf2d6df\" data-id=\"cf2d6df\" data-element_type=\"column\">\n\t\t\t<div class=\"elementor-widget-wrap elementor-element-populated\">\n\t\t\t\t\t\t<div class=\"elementor-element elementor-element-58478aa elementor-widget-divider--view-line elementor-widget elementor-widget-divider\" data-id=\"58478aa\" data-element_type=\"widget\" data-widget_type=\"divider.default\">\n\t\t\t\t<div class=\"elementor-widget-container\">\n\t\t\t\t\t\t\t<div class=\"elementor-divider\">\n\t\t\t<span class=\"elementor-divider-separator\">\n\t\t\t\t\t\t<\/span>\n\t\t<\/div>\n\t\t\t\t\t\t<\/div>\n\t\t\t\t<\/div>\n\t\t\t\t\t<\/div>\n\t\t<\/div>\n\t\t\t\t\t<\/div>\n\t\t<\/section>\n\t\t\t\t<section class=\"elementor-section elementor-top-section elementor-element elementor-element-f01a20c elementor-section-height-min-height ct-section-stretched elementor-section-items-top elementor-section-boxed elementor-section-height-default wpr-particle-no wpr-jarallax-no wpr-parallax-no wpr-sticky-section-no\" data-id=\"f01a20c\" data-element_type=\"section\" data-settings=\"{&quot;background_background&quot;:&quot;classic&quot;,&quot;_ha_eqh_enable&quot;:false}\">\n\t\t\t\t\t\t<div class=\"elementor-container elementor-column-gap-default\">\n\t\t\t\t\t<div class=\"elementor-column elementor-col-50 elementor-top-column elementor-element elementor-element-8439d57\" data-id=\"8439d57\" data-element_type=\"column\">\n\t\t\t<div class=\"elementor-widget-wrap elementor-element-populated\">\n\t\t\t\t\t\t<div class=\"elementor-element elementor-element-1e001cd elementor-widget elementor-widget-image\" data-id=\"1e001cd\" data-element_type=\"widget\" data-widget_type=\"image.default\">\n\t\t\t\t<div class=\"elementor-widget-container\">\n\t\t\t\t\t\t\t\t\t\t\t\t\t\t\t<img fetchpriority=\"high\" decoding=\"async\" width=\"1024\" height=\"746\" src=\"https:\/\/hotelcorona-spiazzi.it\/wp-content\/uploads\/2025\/07\/quadrata-spa.jpg\" class=\"attachment-large size-large wp-image-8501\" alt=\"\" srcset=\"https:\/\/hotelcorona-spiazzi.it\/wp-content\/uploads\/2025\/07\/quadrata-spa.jpg 1024w, https:\/\/hotelcorona-spiazzi.it\/wp-content\/uploads\/2025\/07\/quadrata-spa-300x219.jpg 300w, https:\/\/hotelcorona-spiazzi.it\/wp-content\/uploads\/2025\/07\/quadrata-spa-768x560.jpg 768w, https:\/\/hotelcorona-spiazzi.it\/wp-content\/uploads\/2025\/07\/quadrata-spa-16x12.jpg 16w, https:\/\/hotelcorona-spiazzi.it\/wp-content\/uploads\/2025\/07\/quadrata-spa-200x146.jpg 200w\" sizes=\"(max-width: 1024px) 100vw, 1024px\" \/>\t\t\t\t\t\t\t\t\t\t\t\t\t\t\t<\/div>\n\t\t\t\t<\/div>\n\t\t\t\t\t<\/div>\n\t\t<\/div>\n\t\t\t\t<div class=\"elementor-column elementor-col-50 elementor-top-column elementor-element elementor-element-d128c09\" data-id=\"d128c09\" data-element_type=\"column\">\n\t\t\t<div class=\"elementor-widget-wrap elementor-element-populated\">\n\t\t\t\t\t\t<div class=\"elementor-element elementor-element-c0b4cc1 elementor-widget elementor-widget-text-editor\" data-id=\"c0b4cc1\" data-element_type=\"widget\" data-widget_type=\"text-editor.default\">\n\t\t\t\t<div class=\"elementor-widget-container\">\n\t\t\t\t\t\t\t\t\t<p>Der Standort im <strong>Die Stille des Monte Baldo<\/strong>Unser Wellness-Center bietet ein <strong>herrlicher Blick auf den Gardasee<\/strong>f\u00fcr ein einzigartiges Entspannungserlebnis. Eine <strong>besonderer Raum<\/strong> wo Sie sich verw\u00f6hnen lassen, regenerieren und sich ganz Ihrem Wohlbefinden widmen k\u00f6nnen.<\/p><p>Entschlacken Sie Ihren K\u00f6rper mit Wickeln <strong>aromatische Nebel<\/strong>berauscht sein von dem Duft des <strong>\u00e4therische \u00d6le<\/strong> und regeneriert in unserem <strong>Saunen<\/strong> und in der <strong>Dampfbad<\/strong>. Entspannen Sie sich in der<strong>Entspannungsbereich<\/strong>wo Sie ein k\u00f6stliches Essen genie\u00dfen k\u00f6nnen <strong>Kr\u00e4utertee<\/strong>umh\u00fcllt von der Atmosph\u00e4re der Ruhe, die nur unser SPA bieten kann.<\/p><p>Erleben Sie eine <strong>erholsame Reise<\/strong> unvergleichlich, f\u00fcr die Regeneration von K\u00f6rper und Geist.<\/p><p><strong>(Zugang nur f\u00fcr Personen \u00fcber 18 Jahren)<\/strong><\/p>\t\t\t\t\t\t\t\t<\/div>\n\t\t\t\t<\/div>\n\t\t\t\t\t<\/div>\n\t\t<\/div>\n\t\t\t\t\t<\/div>\n\t\t<\/section>\n\t\t\t\t<section class=\"elementor-section elementor-top-section elementor-element elementor-element-040d778 ct-section-stretched elementor-section-boxed elementor-section-height-default elementor-section-height-default wpr-particle-no wpr-jarallax-no wpr-parallax-no wpr-sticky-section-no\" data-id=\"040d778\" data-element_type=\"section\" data-settings=\"{&quot;_ha_eqh_enable&quot;:false}\">\n\t\t\t\t\t\t<div class=\"elementor-container elementor-column-gap-default\">\n\t\t\t\t\t<div class=\"elementor-column elementor-col-50 elementor-top-column elementor-element elementor-element-3096184\" data-id=\"3096184\" data-element_type=\"column\">\n\t\t\t<div class=\"elementor-widget-wrap elementor-element-populated\">\n\t\t\t\t\t\t<div class=\"elementor-element elementor-element-38f8103 elementor-widget elementor-widget-text-editor\" data-id=\"38f8103\" data-element_type=\"widget\" data-widget_type=\"text-editor.default\">\n\t\t\t\t<div class=\"elementor-widget-container\">\n\t\t\t\t\t\t\t\t\t<p><strong>DAMPFBAD<br \/><\/strong><\/p><p>A <strong>hei\u00dfes Dampfbad<\/strong> die eine regenerierende und reinigende Erfahrung f\u00fcr den K\u00f6rper bietet. Eine echte Wellness-Verw\u00f6hnung, bei der Sie sich entspannen und gro\u00dfartige Ergebnisse f\u00fcr Ihre Gesundheit erzielen k\u00f6nnen.<\/p><p>Genie\u00dfen Sie nach Ihrem Dampfbad einen Moment der <strong>entspannen<\/strong> in gepflegten R\u00e4umen, liegend auf <strong>bequeme Betten<\/strong>und bewundern dabei die herrlichen <strong>Landschaft des Monte Baldo<\/strong>was dem Erlebnis einen Hauch von Gelassenheit verleiht.<\/p>\t\t\t\t\t\t\t\t<\/div>\n\t\t\t\t<\/div>\n\t\t\t\t\t<\/div>\n\t\t<\/div>\n\t\t\t\t<div class=\"elementor-column elementor-col-50 elementor-top-column elementor-element elementor-element-61d49de\" data-id=\"61d49de\" data-element_type=\"column\">\n\t\t\t<div class=\"elementor-widget-wrap elementor-element-populated\">\n\t\t\t\t\t\t<div class=\"elementor-element elementor-element-38a3cf1 elementor-widget elementor-widget-text-editor\" data-id=\"38a3cf1\" data-element_type=\"widget\" data-widget_type=\"text-editor.default\">\n\t\t\t\t<div class=\"elementor-widget-container\">\n\t\t\t\t\t\t\t\t\t<p><strong>S\u00dcSSE SAUNA<br \/><\/strong><\/p><p>La <strong>S\u00fc\u00dfe Sauna<\/strong> bietet zwei Kabinen, eine bei <strong>65\u00b0C<\/strong> und die andere bei <strong>90\u00b0C<\/strong>beide ausgestattet mit <strong>gl\u00fchende Steine<\/strong>, a <strong>feines Eichenbouquet<\/strong> e <strong>nat\u00fcrliche Aromen<\/strong> umh\u00fcllt die Sinne mit einem einzigartigen Erlebnis. Ein Moment der Entschlackung und Regeneration, perfekt f\u00fcr die pers\u00f6nliche Verw\u00f6hnung und Erneuerung von K\u00f6rper und Geist.<\/p><p>Nach der Behandlung k\u00f6nnen Sie sich auf <strong>bequeme Betten<\/strong>die sich an einem <strong>Naturkr\u00e4utertee<\/strong> die diese Erfahrung des totalen Wohlbefindens vervollst\u00e4ndigt.<\/p>\t\t\t\t\t\t\t\t<\/div>\n\t\t\t\t<\/div>\n\t\t\t\t\t<\/div>\n\t\t<\/div>\n\t\t\t\t\t<\/div>\n\t\t<\/section>\n\t\t\t\t<section class=\"elementor-section elementor-top-section elementor-element elementor-element-58e7869 elementor-section-boxed elementor-section-height-default elementor-section-height-default wpr-particle-no wpr-jarallax-no wpr-parallax-no wpr-sticky-section-no\" data-id=\"58e7869\" data-element_type=\"section\" data-settings=\"{&quot;_ha_eqh_enable&quot;:false}\">\n\t\t\t\t\t\t<div class=\"elementor-container elementor-column-gap-default\">\n\t\t\t\t\t<div class=\"elementor-column elementor-col-100 elementor-top-column elementor-element elementor-element-d36ffa8\" data-id=\"d36ffa8\" data-element_type=\"column\">\n\t\t\t<div class=\"elementor-widget-wrap elementor-element-populated\">\n\t\t\t\t\t\t<div class=\"elementor-element elementor-element-706a5ff elementor-widget elementor-widget-ha-justified-gallery happy-addon ha-justified-gallery\" data-id=\"706a5ff\" data-element_type=\"widget\" data-settings=\"{&quot;margins&quot;:{&quot;unit&quot;:&quot;px&quot;,&quot;size&quot;:5,&quot;sizes&quot;:[]},&quot;row_height&quot;:{&quot;unit&quot;:&quot;px&quot;,&quot;size&quot;:372,&quot;sizes&quot;:[]},&quot;disable_lightbox_on_tablet&quot;:&quot;yes&quot;,&quot;disable_lightbox_on_mobile&quot;:&quot;yes&quot;,&quot;last_row&quot;:&quot;justify&quot;,&quot;enable_popup&quot;:&quot;yes&quot;}\" data-widget_type=\"ha-justified-gallery.default\">\n\t\t\t\t<div class=\"elementor-widget-container\">\n\t\t\t\t\t\n\t\t<div class=\"ha-justified-grid__wrap hajs-justified-grid\">\n\t\t\t\t\t\t\t<a href=\"#\" data-mfp-src=\"https:\/\/hotelcorona-spiazzi.it\/wp-content\/uploads\/2025\/04\/servizi-spa-02-581x1024.jpg\" class=\"ha-justified-grid__item ha-js-lightbox __fltr-1\" title=\"\">\n\t\t\t\t\t<img decoding=\"async\" width=\"581\" height=\"1024\" src=\"https:\/\/hotelcorona-spiazzi.it\/wp-content\/uploads\/2025\/04\/servizi-spa-02-581x1024.jpg\" class=\"elementor-animation-grow\" alt=\"\" srcset=\"https:\/\/hotelcorona-spiazzi.it\/wp-content\/uploads\/2025\/04\/servizi-spa-02-581x1024.jpg 581w, https:\/\/hotelcorona-spiazzi.it\/wp-content\/uploads\/2025\/04\/servizi-spa-02-170x300.jpg 170w, https:\/\/hotelcorona-spiazzi.it\/wp-content\/uploads\/2025\/04\/servizi-spa-02-768x1353.jpg 768w, https:\/\/hotelcorona-spiazzi.it\/wp-content\/uploads\/2025\/04\/servizi-spa-02-872x1536.jpg 872w, https:\/\/hotelcorona-spiazzi.it\/wp-content\/uploads\/2025\/04\/servizi-spa-02-7x12.jpg 7w, https:\/\/hotelcorona-spiazzi.it\/wp-content\/uploads\/2025\/04\/servizi-spa-02-200x352.jpg 200w, https:\/\/hotelcorona-spiazzi.it\/wp-content\/uploads\/2025\/04\/servizi-spa-02.jpg 908w\" sizes=\"(max-width: 581px) 100vw, 581px\" \/>\t\t\t\t<\/a>\n\t\t\t\t\t\t\t<a href=\"#\" data-mfp-src=\"https:\/\/hotelcorona-spiazzi.it\/wp-content\/uploads\/2025\/04\/servizi-spa-01-818x1024.jpg\" class=\"ha-justified-grid__item ha-js-lightbox __fltr-1\" title=\"\">\n\t\t\t\t\t<img decoding=\"async\" width=\"818\" height=\"1024\" src=\"https:\/\/hotelcorona-spiazzi.it\/wp-content\/uploads\/2025\/04\/servizi-spa-01-818x1024.jpg\" class=\"elementor-animation-grow\" alt=\"\" srcset=\"https:\/\/hotelcorona-spiazzi.it\/wp-content\/uploads\/2025\/04\/servizi-spa-01-818x1024.jpg 818w, https:\/\/hotelcorona-spiazzi.it\/wp-content\/uploads\/2025\/04\/servizi-spa-01-240x300.jpg 240w, https:\/\/hotelcorona-spiazzi.it\/wp-content\/uploads\/2025\/04\/servizi-spa-01-768x962.jpg 768w, https:\/\/hotelcorona-spiazzi.it\/wp-content\/uploads\/2025\/04\/servizi-spa-01-1227x1536.jpg 1227w, https:\/\/hotelcorona-spiazzi.it\/wp-content\/uploads\/2025\/04\/servizi-spa-01-10x12.jpg 10w, https:\/\/hotelcorona-spiazzi.it\/wp-content\/uploads\/2025\/04\/servizi-spa-01-200x250.jpg 200w, https:\/\/hotelcorona-spiazzi.it\/wp-content\/uploads\/2025\/04\/servizi-spa-01.jpg 1278w\" sizes=\"(max-width: 818px) 100vw, 818px\" \/>\t\t\t\t<\/a>\n\t\t\t\t\t\t\t<a href=\"#\" data-mfp-src=\"https:\/\/hotelcorona-spiazzi.it\/wp-content\/uploads\/2025\/04\/servizi-spa-04-748x1024.jpg\" class=\"ha-justified-grid__item ha-js-lightbox __fltr-1\" title=\"\">\n\t\t\t\t\t<img loading=\"lazy\" decoding=\"async\" width=\"748\" height=\"1024\" src=\"https:\/\/hotelcorona-spiazzi.it\/wp-content\/uploads\/2025\/04\/servizi-spa-04-748x1024.jpg\" class=\"elementor-animation-grow\" alt=\"\" srcset=\"https:\/\/hotelcorona-spiazzi.it\/wp-content\/uploads\/2025\/04\/servizi-spa-04-748x1024.jpg 748w, https:\/\/hotelcorona-spiazzi.it\/wp-content\/uploads\/2025\/04\/servizi-spa-04-219x300.jpg 219w, https:\/\/hotelcorona-spiazzi.it\/wp-content\/uploads\/2025\/04\/servizi-spa-04-768x1052.jpg 768w, https:\/\/hotelcorona-spiazzi.it\/wp-content\/uploads\/2025\/04\/servizi-spa-04-1121x1536.jpg 1121w, https:\/\/hotelcorona-spiazzi.it\/wp-content\/uploads\/2025\/04\/servizi-spa-04-9x12.jpg 9w, https:\/\/hotelcorona-spiazzi.it\/wp-content\/uploads\/2025\/04\/servizi-spa-04-200x274.jpg 200w, https:\/\/hotelcorona-spiazzi.it\/wp-content\/uploads\/2025\/04\/servizi-spa-04.jpg 1168w\" sizes=\"(max-width: 748px) 100vw, 748px\" \/>\t\t\t\t<\/a>\n\t\t\t\t\t\t\t<a href=\"#\" data-mfp-src=\"https:\/\/hotelcorona-spiazzi.it\/wp-content\/uploads\/2025\/07\/foto-gallery042-717x1024.jpg\" class=\"ha-justified-grid__item ha-js-lightbox __fltr-1\" title=\"\">\n\t\t\t\t\t<img loading=\"lazy\" decoding=\"async\" width=\"717\" height=\"1024\" src=\"https:\/\/hotelcorona-spiazzi.it\/wp-content\/uploads\/2025\/07\/foto-gallery042-717x1024.jpg\" class=\"elementor-animation-grow\" alt=\"\" srcset=\"https:\/\/hotelcorona-spiazzi.it\/wp-content\/uploads\/2025\/07\/foto-gallery042-717x1024.jpg 717w, https:\/\/hotelcorona-spiazzi.it\/wp-content\/uploads\/2025\/07\/foto-gallery042-210x300.jpg 210w, https:\/\/hotelcorona-spiazzi.it\/wp-content\/uploads\/2025\/07\/foto-gallery042-768x1097.jpg 768w, https:\/\/hotelcorona-spiazzi.it\/wp-content\/uploads\/2025\/07\/foto-gallery042-1075x1536.jpg 1075w, https:\/\/hotelcorona-spiazzi.it\/wp-content\/uploads\/2025\/07\/foto-gallery042-8x12.jpg 8w, https:\/\/hotelcorona-spiazzi.it\/wp-content\/uploads\/2025\/07\/foto-gallery042-200x286.jpg 200w, https:\/\/hotelcorona-spiazzi.it\/wp-content\/uploads\/2025\/07\/foto-gallery042.jpg 1400w\" sizes=\"(max-width: 717px) 100vw, 717px\" \/>\t\t\t\t<\/a>\n\t\t\t\t\t\t\t<a href=\"#\" data-mfp-src=\"https:\/\/hotelcorona-spiazzi.it\/wp-content\/uploads\/2025\/07\/foto-gallery040-717x1024.jpg\" class=\"ha-justified-grid__item ha-js-lightbox __fltr-1\" title=\"\">\n\t\t\t\t\t<img loading=\"lazy\" decoding=\"async\" width=\"717\" height=\"1024\" src=\"https:\/\/hotelcorona-spiazzi.it\/wp-content\/uploads\/2025\/07\/foto-gallery040-717x1024.jpg\" class=\"elementor-animation-grow\" alt=\"\" srcset=\"https:\/\/hotelcorona-spiazzi.it\/wp-content\/uploads\/2025\/07\/foto-gallery040-717x1024.jpg 717w, https:\/\/hotelcorona-spiazzi.it\/wp-content\/uploads\/2025\/07\/foto-gallery040-210x300.jpg 210w, https:\/\/hotelcorona-spiazzi.it\/wp-content\/uploads\/2025\/07\/foto-gallery040-768x1097.jpg 768w, https:\/\/hotelcorona-spiazzi.it\/wp-content\/uploads\/2025\/07\/foto-gallery040-1075x1536.jpg 1075w, https:\/\/hotelcorona-spiazzi.it\/wp-content\/uploads\/2025\/07\/foto-gallery040-8x12.jpg 8w, https:\/\/hotelcorona-spiazzi.it\/wp-content\/uploads\/2025\/07\/foto-gallery040-200x286.jpg 200w, https:\/\/hotelcorona-spiazzi.it\/wp-content\/uploads\/2025\/07\/foto-gallery040.jpg 1400w\" sizes=\"(max-width: 717px) 100vw, 717px\" \/>\t\t\t\t<\/a>\n\t\t\t\t\t\t\t<a href=\"#\" data-mfp-src=\"https:\/\/hotelcorona-spiazzi.it\/wp-content\/uploads\/2025\/07\/foto-gallery041-717x1024.jpg\" class=\"ha-justified-grid__item ha-js-lightbox __fltr-1\" title=\"\">\n\t\t\t\t\t<img loading=\"lazy\" decoding=\"async\" width=\"717\" height=\"1024\" src=\"https:\/\/hotelcorona-spiazzi.it\/wp-content\/uploads\/2025\/07\/foto-gallery041-717x1024.jpg\" class=\"elementor-animation-grow\" alt=\"\" srcset=\"https:\/\/hotelcorona-spiazzi.it\/wp-content\/uploads\/2025\/07\/foto-gallery041-717x1024.jpg 717w, https:\/\/hotelcorona-spiazzi.it\/wp-content\/uploads\/2025\/07\/foto-gallery041-210x300.jpg 210w, https:\/\/hotelcorona-spiazzi.it\/wp-content\/uploads\/2025\/07\/foto-gallery041-768x1097.jpg 768w, https:\/\/hotelcorona-spiazzi.it\/wp-content\/uploads\/2025\/07\/foto-gallery041-1075x1536.jpg 1075w, https:\/\/hotelcorona-spiazzi.it\/wp-content\/uploads\/2025\/07\/foto-gallery041-8x12.jpg 8w, https:\/\/hotelcorona-spiazzi.it\/wp-content\/uploads\/2025\/07\/foto-gallery041-200x286.jpg 200w, https:\/\/hotelcorona-spiazzi.it\/wp-content\/uploads\/2025\/07\/foto-gallery041.jpg 1400w\" sizes=\"(max-width: 717px) 100vw, 717px\" \/>\t\t\t\t<\/a>\n\t\t\t\t\t\t\t<a href=\"#\" data-mfp-src=\"https:\/\/hotelcorona-spiazzi.it\/wp-content\/uploads\/2025\/04\/servizi-spa-03-1024x710.jpg\" class=\"ha-justified-grid__item ha-js-lightbox __fltr-1\" title=\"\">\n\t\t\t\t\t<img loading=\"lazy\" decoding=\"async\" width=\"1024\" height=\"710\" src=\"https:\/\/hotelcorona-spiazzi.it\/wp-content\/uploads\/2025\/04\/servizi-spa-03-1024x710.jpg\" class=\"elementor-animation-grow\" alt=\"\" srcset=\"https:\/\/hotelcorona-spiazzi.it\/wp-content\/uploads\/2025\/04\/servizi-spa-03-1024x710.jpg 1024w, https:\/\/hotelcorona-spiazzi.it\/wp-content\/uploads\/2025\/04\/servizi-spa-03-300x208.jpg 300w, https:\/\/hotelcorona-spiazzi.it\/wp-content\/uploads\/2025\/04\/servizi-spa-03-768x533.jpg 768w, https:\/\/hotelcorona-spiazzi.it\/wp-content\/uploads\/2025\/04\/servizi-spa-03-18x12.jpg 18w, https:\/\/hotelcorona-spiazzi.it\/wp-content\/uploads\/2025\/04\/servizi-spa-03-200x139.jpg 200w, https:\/\/hotelcorona-spiazzi.it\/wp-content\/uploads\/2025\/04\/servizi-spa-03.jpg 1476w\" sizes=\"(max-width: 1024px) 100vw, 1024px\" \/>\t\t\t\t<\/a>\n\t\t\t\t\t<\/div>\n\n\t\t\t\t\t\t<\/div>\n\t\t\t\t<\/div>\n\t\t\t\t\t<\/div>\n\t\t<\/div>\n\t\t\t\t\t<\/div>\n\t\t<\/section>\n\t\t\t\t<section class=\"elementor-section elementor-top-section elementor-element elementor-element-538bbd0 elementor-section-boxed elementor-section-height-default elementor-section-height-default wpr-particle-no wpr-jarallax-no wpr-parallax-no wpr-sticky-section-no\" data-id=\"538bbd0\" data-element_type=\"section\" data-settings=\"{&quot;_ha_eqh_enable&quot;:false}\">\n\t\t\t\t\t\t<div class=\"elementor-container elementor-column-gap-default\">\n\t\t\t\t\t<div class=\"elementor-column elementor-col-100 elementor-top-column elementor-element elementor-element-1f8fe22\" data-id=\"1f8fe22\" data-element_type=\"column\">\n\t\t\t<div class=\"elementor-widget-wrap elementor-element-populated\">\n\t\t\t\t\t\t<div class=\"elementor-element elementor-element-8f72198 elementor-widget elementor-widget-heading\" data-id=\"8f72198\" data-element_type=\"widget\" data-widget_type=\"heading.default\">\n\t\t\t\t<div class=\"elementor-widget-container\">\n\t\t\t\t\t<h2 class=\"elementor-heading-title elementor-size-default\">folgen Sie uns auf<\/h2>\t\t\t\t<\/div>\n\t\t\t\t<\/div>\n\t\t\t\t<div class=\"elementor-element elementor-element-86e4c22 elementor-widget elementor-widget-heading\" data-id=\"86e4c22\" data-element_type=\"widget\" data-widget_type=\"heading.default\">\n\t\t\t\t<div class=\"elementor-widget-container\">\n\t\t\t\t\t<h2 class=\"elementor-heading-title elementor-size-default\"><a href=\"https:\/\/www.instagram.com\/hotelcorona_spiazzi\/\" target=\"_blank\">@HOTELCORONA_SPIAZZI<\/a><\/h2>\t\t\t\t<\/div>\n\t\t\t\t<\/div>\n\t\t\t\t\t<\/div>\n\t\t<\/div>\n\t\t\t\t\t<\/div>\n\t\t<\/section>\n\t\t\t\t<section class=\"elementor-section elementor-top-section elementor-element elementor-element-f3d6a0e ct-section-stretched elementor-section-full_width elementor-section-height-default elementor-section-height-default wpr-particle-no wpr-jarallax-no wpr-parallax-no wpr-sticky-section-no\" data-id=\"f3d6a0e\" data-element_type=\"section\" data-settings=\"{&quot;_ha_eqh_enable&quot;:false}\">\n\t\t\t\t\t\t<div class=\"elementor-container elementor-column-gap-default\">\n\t\t\t\t\t<div class=\"elementor-column elementor-col-100 elementor-top-column elementor-element elementor-element-c924cbc\" data-id=\"c924cbc\" data-element_type=\"column\">\n\t\t\t<div class=\"elementor-widget-wrap elementor-element-populated\">\n\t\t\t\t\t\t<div class=\"elementor-element elementor-element-09cd9e6 elementor-widget elementor-widget-spacer\" data-id=\"09cd9e6\" data-element_type=\"widget\" data-widget_type=\"spacer.default\">\n\t\t\t\t<div class=\"elementor-widget-container\">\n\t\t\t\t\t\t\t<div class=\"elementor-spacer\">\n\t\t\t<div class=\"elementor-spacer-inner\"><\/div>\n\t\t<\/div>\n\t\t\t\t\t\t<\/div>\n\t\t\t\t<\/div>\n\t\t\t\t\t<\/div>\n\t\t<\/div>\n\t\t\t\t\t<\/div>\n\t\t<\/section>\n\t\t\t\t<\/div>","protected":false},"excerpt":{"rendered":"<p>Scopri l&#8217;esclusiva SPA BELVEDERE BENESSERE TRA LAGO E MONTAGNA Situato nella tranquillit\u00e0 del Monte Baldo, il nostro centro benessere offre una magnifica vista sul Lago di Garda, per un&#8217;esperienza di relax unica. Uno spazio speciale dove coccolarti, rigenerarti e dedicarti completamente al tuo benessere. Purifica il tuo corpo con avvolgenti nebbie aromatiche, lasciati inebriare dal profumo degli oli essenziali e rigenerati nelle nostre saune e nel bagno turco. Rilassati nell&#8217;area relax, dove potrai gustare una deliziosa tisana, avvolto dall&#8217;atmosfera di tranquillit\u00e0 che solo la nostra SPA pu\u00f2 offrire. Vivi un viaggio di relax senza pari, pensato per rigenerare corpo e mente. (Accesso consentito ai maggiori di 18 anni) BAGNO DI VAPORE Un bagno di vapore caldo che offre un\u2019esperienza rigenerante e purificante per il corpo. Un\u2019autentica coccola di benessere che ti permette di rilassarti e ottenere ottimi risultati per la tua salute. Dopo il bagno di vapore, goditi un momento di relax negli spazi curati, adagiato su comodi lettini, mentre ammiri il magnifico paesaggio del Monte Baldo, che aggiunge un tocco di serenit\u00e0 alla tua esperienza. SWEET SAUNA La Sweet Sauna offre due cabine, una a 65\u00b0C e l\u2019altra a 90\u00b0C, entrambe dotate di pietre roventi, un bouquet pregiato di legno di rovere e aromi naturali che avvolgono i sensi in un\u2019esperienza unica. Un momento di purificazione e rigenerazione, perfetto per dedicarti una coccola personale e rinnovare il tuo corpo e la tua mente. Dopo il trattamento, potrai rilassarti su comodi lettini, gustando una tisana di erbe naturali che completa questa esperienza di totale benessere. seguici su @HOTELCORONA_SPIAZZI<\/p>","protected":false},"author":5,"featured_media":0,"parent":395,"menu_order":0,"comment_status":"closed","ping_status":"closed","template":"","meta":{"footnotes":""},"class_list":["post-7450","page","type-page","status-publish","hentry"],"blocksy_meta":[],"_links":{"self":[{"href":"https:\/\/hotelcorona-spiazzi.it\/de\/wp-json\/wp\/v2\/pages\/7450","targetHints":{"allow":["GET"]}}],"collection":[{"href":"https:\/\/hotelcorona-spiazzi.it\/de\/wp-json\/wp\/v2\/pages"}],"about":[{"href":"https:\/\/hotelcorona-spiazzi.it\/de\/wp-json\/wp\/v2\/types\/page"}],"author":[{"embeddable":true,"href":"https:\/\/hotelcorona-spiazzi.it\/de\/wp-json\/wp\/v2\/users\/5"}],"replies":[{"embeddable":true,"href":"https:\/\/hotelcorona-spiazzi.it\/de\/wp-json\/wp\/v2\/comments?post=7450"}],"version-history":[{"count":73,"href":"https:\/\/hotelcorona-spiazzi.it\/de\/wp-json\/wp\/v2\/pages\/7450\/revisions"}],"predecessor-version":[{"id":8507,"href":"https:\/\/hotelcorona-spiazzi.it\/de\/wp-json\/wp\/v2\/pages\/7450\/revisions\/8507"}],"up":[{"embeddable":true,"href":"https:\/\/hotelcorona-spiazzi.it\/de\/wp-json\/wp\/v2\/pages\/395"}],"wp:attachment":[{"href":"https:\/\/hotelcorona-spiazzi.it\/de\/wp-json\/wp\/v2\/media?parent=7450"}],"curies":[{"name":"wp","href":"https:\/\/api.w.org\/{rel}","templated":true}]}}