{"id":7458,"date":"2025-03-08T20:15:41","date_gmt":"2025-03-08T20:15:41","guid":{"rendered":"https:\/\/demo3.demo.servonet.it\/?page_id=7458"},"modified":"2025-07-04T14:34:44","modified_gmt":"2025-07-04T14:34:44","slug":"piscina","status":"publish","type":"page","link":"https:\/\/hotelcorona-spiazzi.it\/de\/servizi\/piscina\/","title":{"rendered":"Schwimmbad"},"content":{"rendered":"<div data-elementor-type=\"wp-page\" data-elementor-id=\"7458\" class=\"elementor elementor-7458\" data-elementor-settings=\"{&quot;ha_cmc_init_switcher&quot;:&quot;no&quot;}\">\n\t\t\t\t\t\t<section class=\"elementor-section elementor-top-section elementor-element elementor-element-134bfd2 ct-section-stretched elementor-section-full_width elementor-section-height-min-height elementor-section-height-default elementor-section-items-middle wpr-particle-no wpr-jarallax-no wpr-parallax-no wpr-sticky-section-no\" data-id=\"134bfd2\" data-element_type=\"section\" data-settings=\"{&quot;background_background&quot;:&quot;classic&quot;,&quot;_ha_eqh_enable&quot;:false}\">\n\t\t\t\t\t\t<div class=\"elementor-container elementor-column-gap-default\">\n\t\t\t\t\t<div class=\"elementor-column elementor-col-100 elementor-top-column elementor-element elementor-element-f59e524\" data-id=\"f59e524\" data-element_type=\"column\">\n\t\t\t<div class=\"elementor-widget-wrap\">\n\t\t\t\t\t\t\t<\/div>\n\t\t<\/div>\n\t\t\t\t\t<\/div>\n\t\t<\/section>\n\t\t\t\t<section class=\"elementor-section elementor-top-section elementor-element elementor-element-b46d5e8 ct-section-stretched elementor-section-boxed elementor-section-height-default elementor-section-height-default wpr-particle-no wpr-jarallax-no wpr-parallax-no wpr-sticky-section-no\" data-id=\"b46d5e8\" data-element_type=\"section\" data-settings=\"{&quot;background_background&quot;:&quot;classic&quot;,&quot;_ha_eqh_enable&quot;:false}\">\n\t\t\t\t\t\t<div class=\"elementor-container elementor-column-gap-default\">\n\t\t\t\t\t<div class=\"elementor-column elementor-col-50 elementor-top-column elementor-element elementor-element-0b3f805\" data-id=\"0b3f805\" data-element_type=\"column\" data-settings=\"{&quot;background_background&quot;:&quot;classic&quot;}\">\n\t\t\t<div class=\"elementor-widget-wrap elementor-element-populated\">\n\t\t\t\t\t\t<div class=\"elementor-element elementor-element-7ff0af8 elementor-widget elementor-widget-heading\" data-id=\"7ff0af8\" data-element_type=\"widget\" data-widget_type=\"heading.default\">\n\t\t\t\t<div class=\"elementor-widget-container\">\n\t\t\t\t\t<h2 class=\"elementor-heading-title elementor-size-default\">Entspannen in<\/h2>\t\t\t\t<\/div>\n\t\t\t\t<\/div>\n\t\t\t\t<div class=\"elementor-element elementor-element-52f53c4 elementor-widget elementor-widget-heading\" data-id=\"52f53c4\" data-element_type=\"widget\" data-widget_type=\"heading.default\">\n\t\t\t\t<div class=\"elementor-widget-container\">\n\t\t\t\t\t<h2 class=\"elementor-heading-title elementor-size-default\">POOL<\/h2>\t\t\t\t<\/div>\n\t\t\t\t<\/div>\n\t\t\t\t\t<\/div>\n\t\t<\/div>\n\t\t\t\t<div class=\"elementor-column elementor-col-50 elementor-top-column elementor-element elementor-element-a4c9331\" data-id=\"a4c9331\" data-element_type=\"column\">\n\t\t\t<div class=\"elementor-widget-wrap elementor-element-populated\">\n\t\t\t\t\t\t<div class=\"elementor-element elementor-element-3c43579 elementor-widget elementor-widget-heading\" data-id=\"3c43579\" data-element_type=\"widget\" data-widget_type=\"heading.default\">\n\t\t\t\t<div class=\"elementor-widget-container\">\n\t\t\t\t\t<h2 class=\"elementor-heading-title elementor-size-default\">TAUCHEN MIT BLICK AUF DEN GARDASEE UND MONTEBALDO<\/h2>\t\t\t\t<\/div>\n\t\t\t\t<\/div>\n\t\t\t\t\t<\/div>\n\t\t<\/div>\n\t\t\t\t\t<\/div>\n\t\t<\/section>\n\t\t\t\t<section class=\"elementor-section elementor-top-section elementor-element elementor-element-c72ffc1 ct-section-stretched elementor-section-height-min-height elementor-section-boxed elementor-section-height-default elementor-section-items-middle wpr-particle-no wpr-jarallax-no wpr-parallax-no wpr-sticky-section-no\" data-id=\"c72ffc1\" data-element_type=\"section\" data-settings=\"{&quot;background_background&quot;:&quot;classic&quot;,&quot;_ha_eqh_enable&quot;:false}\">\n\t\t\t\t\t\t<div class=\"elementor-container elementor-column-gap-default\">\n\t\t\t\t\t<div class=\"elementor-column elementor-col-100 elementor-top-column elementor-element elementor-element-cf2d6df\" data-id=\"cf2d6df\" data-element_type=\"column\">\n\t\t\t<div class=\"elementor-widget-wrap elementor-element-populated\">\n\t\t\t\t\t\t<div class=\"elementor-element elementor-element-58478aa elementor-widget-divider--view-line elementor-widget elementor-widget-divider\" data-id=\"58478aa\" data-element_type=\"widget\" data-widget_type=\"divider.default\">\n\t\t\t\t<div class=\"elementor-widget-container\">\n\t\t\t\t\t\t\t<div class=\"elementor-divider\">\n\t\t\t<span class=\"elementor-divider-separator\">\n\t\t\t\t\t\t<\/span>\n\t\t<\/div>\n\t\t\t\t\t\t<\/div>\n\t\t\t\t<\/div>\n\t\t\t\t\t<\/div>\n\t\t<\/div>\n\t\t\t\t\t<\/div>\n\t\t<\/section>\n\t\t\t\t<section class=\"elementor-section elementor-top-section elementor-element elementor-element-f01a20c elementor-section-height-min-height ct-section-stretched elementor-section-items-top elementor-section-boxed elementor-section-height-default wpr-particle-no wpr-jarallax-no wpr-parallax-no wpr-sticky-section-no\" data-id=\"f01a20c\" data-element_type=\"section\" data-settings=\"{&quot;background_background&quot;:&quot;classic&quot;,&quot;_ha_eqh_enable&quot;:false}\">\n\t\t\t\t\t\t<div class=\"elementor-container elementor-column-gap-default\">\n\t\t\t\t\t<div class=\"elementor-column elementor-col-50 elementor-top-column elementor-element elementor-element-8439d57\" data-id=\"8439d57\" data-element_type=\"column\">\n\t\t\t<div class=\"elementor-widget-wrap elementor-element-populated\">\n\t\t\t\t\t\t<div class=\"elementor-element elementor-element-1e001cd elementor-widget elementor-widget-image\" data-id=\"1e001cd\" data-element_type=\"widget\" data-widget_type=\"image.default\">\n\t\t\t\t<div class=\"elementor-widget-container\">\n\t\t\t\t\t\t\t\t\t\t\t\t\t\t\t<img fetchpriority=\"high\" decoding=\"async\" width=\"1024\" height=\"746\" src=\"https:\/\/hotelcorona-spiazzi.it\/wp-content\/uploads\/2025\/07\/quadrata-piscina.jpg\" class=\"attachment-large size-large wp-image-8484\" alt=\"\" srcset=\"https:\/\/hotelcorona-spiazzi.it\/wp-content\/uploads\/2025\/07\/quadrata-piscina.jpg 1024w, https:\/\/hotelcorona-spiazzi.it\/wp-content\/uploads\/2025\/07\/quadrata-piscina-300x219.jpg 300w, https:\/\/hotelcorona-spiazzi.it\/wp-content\/uploads\/2025\/07\/quadrata-piscina-768x560.jpg 768w, https:\/\/hotelcorona-spiazzi.it\/wp-content\/uploads\/2025\/07\/quadrata-piscina-16x12.jpg 16w, https:\/\/hotelcorona-spiazzi.it\/wp-content\/uploads\/2025\/07\/quadrata-piscina-200x146.jpg 200w\" sizes=\"(max-width: 1024px) 100vw, 1024px\" \/>\t\t\t\t\t\t\t\t\t\t\t\t\t\t\t<\/div>\n\t\t\t\t<\/div>\n\t\t\t\t\t<\/div>\n\t\t<\/div>\n\t\t\t\t<div class=\"elementor-column elementor-col-50 elementor-top-column elementor-element elementor-element-d128c09\" data-id=\"d128c09\" data-element_type=\"column\">\n\t\t\t<div class=\"elementor-widget-wrap elementor-element-populated\">\n\t\t\t\t\t\t<div class=\"elementor-element elementor-element-c0b4cc1 elementor-widget elementor-widget-text-editor\" data-id=\"c0b4cc1\" data-element_type=\"widget\" data-widget_type=\"text-editor.default\">\n\t\t\t\t<div class=\"elementor-widget-container\">\n\t\t\t\t\t\t\t\t\t<p>In unserem gepflegten Garten finden Sie einen kleinen Pool, der zum Entspannen und Abk\u00fchlen w\u00e4hrend Ihres Aufenthalts einl\u00e4dt. W\u00e4hrend Sie einen ruhigen Moment genie\u00dfen, k\u00f6nnen Sie eine bezaubernde Aussicht auf den Gardasee bewundern, mit der majest\u00e4tischen Kulisse des Monte Baldo, die einen Hauch von nat\u00fcrlicher Sch\u00f6nheit hinzuf\u00fcgt.<\/p><p>Liegest\u00fchle und Sonnenschirme stehen zu Ihrer Verf\u00fcgung, damit Sie sich in der Ruhe unseres paradiesischen Fleckchens Erde entspannen k\u00f6nnen.<\/p>\t\t\t\t\t\t\t\t<\/div>\n\t\t\t\t<\/div>\n\t\t\t\t\t<\/div>\n\t\t<\/div>\n\t\t\t\t\t<\/div>\n\t\t<\/section>\n\t\t\t\t<section class=\"elementor-section elementor-top-section elementor-element elementor-element-040d778 ct-section-stretched elementor-section-full_width elementor-section-height-default elementor-section-height-default wpr-particle-no wpr-jarallax-no wpr-parallax-no wpr-sticky-section-no\" data-id=\"040d778\" data-element_type=\"section\" data-settings=\"{&quot;_ha_eqh_enable&quot;:false}\">\n\t\t\t\t\t\t<div class=\"elementor-container elementor-column-gap-default\">\n\t\t\t\t\t<div class=\"elementor-column elementor-col-100 elementor-top-column elementor-element elementor-element-3096184\" data-id=\"3096184\" data-element_type=\"column\">\n\t\t\t<div class=\"elementor-widget-wrap elementor-element-populated\">\n\t\t\t\t\t\t<div class=\"elementor-element elementor-element-0239bcb elementor-widget elementor-widget-spacer\" data-id=\"0239bcb\" data-element_type=\"widget\" data-widget_type=\"spacer.default\">\n\t\t\t\t<div class=\"elementor-widget-container\">\n\t\t\t\t\t\t\t<div class=\"elementor-spacer\">\n\t\t\t<div class=\"elementor-spacer-inner\"><\/div>\n\t\t<\/div>\n\t\t\t\t\t\t<\/div>\n\t\t\t\t<\/div>\n\t\t\t\t\t<\/div>\n\t\t<\/div>\n\t\t\t\t\t<\/div>\n\t\t<\/section>\n\t\t\t\t<section class=\"elementor-section elementor-top-section elementor-element elementor-element-5d011c9 elementor-section-boxed elementor-section-height-default elementor-section-height-default wpr-particle-no wpr-jarallax-no wpr-parallax-no wpr-sticky-section-no\" data-id=\"5d011c9\" data-element_type=\"section\" data-settings=\"{&quot;_ha_eqh_enable&quot;:false}\">\n\t\t\t\t\t\t<div class=\"elementor-container elementor-column-gap-default\">\n\t\t\t\t\t<div class=\"elementor-column elementor-col-100 elementor-top-column elementor-element elementor-element-75fe484\" data-id=\"75fe484\" data-element_type=\"column\">\n\t\t\t<div class=\"elementor-widget-wrap elementor-element-populated\">\n\t\t\t\t\t\t<div class=\"elementor-element elementor-element-df0e706 elementor-widget elementor-widget-ha-justified-gallery happy-addon ha-justified-gallery\" data-id=\"df0e706\" data-element_type=\"widget\" data-settings=\"{&quot;margins&quot;:{&quot;unit&quot;:&quot;px&quot;,&quot;size&quot;:5,&quot;sizes&quot;:[]},&quot;row_height&quot;:{&quot;unit&quot;:&quot;px&quot;,&quot;size&quot;:372,&quot;sizes&quot;:[]},&quot;disable_lightbox_on_tablet&quot;:&quot;yes&quot;,&quot;disable_lightbox_on_mobile&quot;:&quot;yes&quot;,&quot;last_row&quot;:&quot;justify&quot;,&quot;enable_popup&quot;:&quot;yes&quot;}\" data-widget_type=\"ha-justified-gallery.default\">\n\t\t\t\t<div class=\"elementor-widget-container\">\n\t\t\t\t\t\n\t\t<div class=\"ha-justified-grid__wrap hajs-justified-grid\">\n\t\t\t\t\t\t\t<a href=\"#\" data-mfp-src=\"https:\/\/hotelcorona-spiazzi.it\/wp-content\/uploads\/2025\/07\/piscina-foto-gallery039-1-1024x731.jpg\" class=\"ha-justified-grid__item ha-js-lightbox __fltr-1\" title=\"\">\n\t\t\t\t\t<img decoding=\"async\" width=\"1400\" height=\"1000\" src=\"https:\/\/hotelcorona-spiazzi.it\/wp-content\/uploads\/2025\/07\/piscina-foto-gallery039-1.jpg\" class=\"elementor-animation-grow\" alt=\"\" srcset=\"https:\/\/hotelcorona-spiazzi.it\/wp-content\/uploads\/2025\/07\/piscina-foto-gallery039-1.jpg 1400w, https:\/\/hotelcorona-spiazzi.it\/wp-content\/uploads\/2025\/07\/piscina-foto-gallery039-1-300x214.jpg 300w, https:\/\/hotelcorona-spiazzi.it\/wp-content\/uploads\/2025\/07\/piscina-foto-gallery039-1-1024x731.jpg 1024w, https:\/\/hotelcorona-spiazzi.it\/wp-content\/uploads\/2025\/07\/piscina-foto-gallery039-1-768x549.jpg 768w, https:\/\/hotelcorona-spiazzi.it\/wp-content\/uploads\/2025\/07\/piscina-foto-gallery039-1-18x12.jpg 18w, https:\/\/hotelcorona-spiazzi.it\/wp-content\/uploads\/2025\/07\/piscina-foto-gallery039-1-200x143.jpg 200w\" sizes=\"(max-width: 1400px) 100vw, 1400px\" \/>\t\t\t\t<\/a>\n\t\t\t\t\t\t\t<a href=\"#\" data-mfp-src=\"https:\/\/hotelcorona-spiazzi.it\/wp-content\/uploads\/2025\/07\/piscina-foto-gallery037-1-1024x1024.jpg\" class=\"ha-justified-grid__item ha-js-lightbox __fltr-1\" title=\"\">\n\t\t\t\t\t<img decoding=\"async\" width=\"1400\" height=\"1400\" src=\"https:\/\/hotelcorona-spiazzi.it\/wp-content\/uploads\/2025\/07\/piscina-foto-gallery037-1.jpg\" class=\"elementor-animation-grow\" alt=\"\" srcset=\"https:\/\/hotelcorona-spiazzi.it\/wp-content\/uploads\/2025\/07\/piscina-foto-gallery037-1.jpg 1400w, https:\/\/hotelcorona-spiazzi.it\/wp-content\/uploads\/2025\/07\/piscina-foto-gallery037-1-300x300.jpg 300w, https:\/\/hotelcorona-spiazzi.it\/wp-content\/uploads\/2025\/07\/piscina-foto-gallery037-1-1024x1024.jpg 1024w, https:\/\/hotelcorona-spiazzi.it\/wp-content\/uploads\/2025\/07\/piscina-foto-gallery037-1-150x150.jpg 150w, https:\/\/hotelcorona-spiazzi.it\/wp-content\/uploads\/2025\/07\/piscina-foto-gallery037-1-768x768.jpg 768w, https:\/\/hotelcorona-spiazzi.it\/wp-content\/uploads\/2025\/07\/piscina-foto-gallery037-1-12x12.jpg 12w, https:\/\/hotelcorona-spiazzi.it\/wp-content\/uploads\/2025\/07\/piscina-foto-gallery037-1-200x200.jpg 200w\" sizes=\"(max-width: 1400px) 100vw, 1400px\" \/>\t\t\t\t<\/a>\n\t\t\t\t\t\t\t<a href=\"#\" data-mfp-src=\"https:\/\/hotelcorona-spiazzi.it\/wp-content\/uploads\/2025\/07\/piscina-foto-gallery038-1-717x1024.jpg\" class=\"ha-justified-grid__item ha-js-lightbox __fltr-1\" title=\"\">\n\t\t\t\t\t<img loading=\"lazy\" decoding=\"async\" width=\"1400\" height=\"2000\" src=\"https:\/\/hotelcorona-spiazzi.it\/wp-content\/uploads\/2025\/07\/piscina-foto-gallery038-1.jpg\" class=\"elementor-animation-grow\" alt=\"\" srcset=\"https:\/\/hotelcorona-spiazzi.it\/wp-content\/uploads\/2025\/07\/piscina-foto-gallery038-1.jpg 1400w, https:\/\/hotelcorona-spiazzi.it\/wp-content\/uploads\/2025\/07\/piscina-foto-gallery038-1-210x300.jpg 210w, https:\/\/hotelcorona-spiazzi.it\/wp-content\/uploads\/2025\/07\/piscina-foto-gallery038-1-717x1024.jpg 717w, https:\/\/hotelcorona-spiazzi.it\/wp-content\/uploads\/2025\/07\/piscina-foto-gallery038-1-768x1097.jpg 768w, https:\/\/hotelcorona-spiazzi.it\/wp-content\/uploads\/2025\/07\/piscina-foto-gallery038-1-1075x1536.jpg 1075w, https:\/\/hotelcorona-spiazzi.it\/wp-content\/uploads\/2025\/07\/piscina-foto-gallery038-1-8x12.jpg 8w, https:\/\/hotelcorona-spiazzi.it\/wp-content\/uploads\/2025\/07\/piscina-foto-gallery038-1-200x286.jpg 200w\" sizes=\"(max-width: 1400px) 100vw, 1400px\" \/>\t\t\t\t<\/a>\n\t\t\t\t\t<\/div>\n\n\t\t\t\t\t\t<\/div>\n\t\t\t\t<\/div>\n\t\t\t\t\t<\/div>\n\t\t<\/div>\n\t\t\t\t\t<\/div>\n\t\t<\/section>\n\t\t\t\t<section class=\"elementor-section elementor-top-section elementor-element elementor-element-538bbd0 elementor-section-boxed elementor-section-height-default elementor-section-height-default wpr-particle-no wpr-jarallax-no wpr-parallax-no wpr-sticky-section-no\" data-id=\"538bbd0\" data-element_type=\"section\" data-settings=\"{&quot;_ha_eqh_enable&quot;:false}\">\n\t\t\t\t\t\t<div class=\"elementor-container elementor-column-gap-default\">\n\t\t\t\t\t<div class=\"elementor-column elementor-col-100 elementor-top-column elementor-element elementor-element-1f8fe22\" data-id=\"1f8fe22\" data-element_type=\"column\">\n\t\t\t<div class=\"elementor-widget-wrap elementor-element-populated\">\n\t\t\t\t\t\t<div class=\"elementor-element elementor-element-8f72198 elementor-widget elementor-widget-heading\" data-id=\"8f72198\" data-element_type=\"widget\" data-widget_type=\"heading.default\">\n\t\t\t\t<div class=\"elementor-widget-container\">\n\t\t\t\t\t<h2 class=\"elementor-heading-title elementor-size-default\">folgen Sie uns auf<\/h2>\t\t\t\t<\/div>\n\t\t\t\t<\/div>\n\t\t\t\t<div class=\"elementor-element elementor-element-86e4c22 elementor-widget elementor-widget-heading\" data-id=\"86e4c22\" data-element_type=\"widget\" data-widget_type=\"heading.default\">\n\t\t\t\t<div class=\"elementor-widget-container\">\n\t\t\t\t\t<h2 class=\"elementor-heading-title elementor-size-default\"><a href=\"https:\/\/www.instagram.com\/hotelcorona_spiazzi\/\" target=\"_blank\">@HOTELCORONA_SPIAZZI<\/a><\/h2>\t\t\t\t<\/div>\n\t\t\t\t<\/div>\n\t\t\t\t\t<\/div>\n\t\t<\/div>\n\t\t\t\t\t<\/div>\n\t\t<\/section>\n\t\t\t\t<section class=\"elementor-section elementor-top-section elementor-element elementor-element-f3d6a0e ct-section-stretched elementor-section-full_width elementor-section-height-default elementor-section-height-default wpr-particle-no wpr-jarallax-no wpr-parallax-no wpr-sticky-section-no\" data-id=\"f3d6a0e\" data-element_type=\"section\" data-settings=\"{&quot;_ha_eqh_enable&quot;:false}\">\n\t\t\t\t\t\t<div class=\"elementor-container elementor-column-gap-default\">\n\t\t\t\t\t<div class=\"elementor-column elementor-col-100 elementor-top-column elementor-element elementor-element-c924cbc\" data-id=\"c924cbc\" data-element_type=\"column\">\n\t\t\t<div class=\"elementor-widget-wrap elementor-element-populated\">\n\t\t\t\t\t\t<div class=\"elementor-element elementor-element-09cd9e6 elementor-widget elementor-widget-spacer\" data-id=\"09cd9e6\" data-element_type=\"widget\" data-widget_type=\"spacer.default\">\n\t\t\t\t<div class=\"elementor-widget-container\">\n\t\t\t\t\t\t\t<div class=\"elementor-spacer\">\n\t\t\t<div class=\"elementor-spacer-inner\"><\/div>\n\t\t<\/div>\n\t\t\t\t\t\t<\/div>\n\t\t\t\t<\/div>\n\t\t\t\t\t<\/div>\n\t\t<\/div>\n\t\t\t\t\t<\/div>\n\t\t<\/section>\n\t\t\t\t<\/div>","protected":false},"excerpt":{"rendered":"<p>Rilassati in PISCINA IMMERSIONE CON VISTA LAGO DI GARDA E MONTEBALDO Nel nostro giardino curato, troverai una piccola piscina ideale per rilassarti e rinfrescarti durante il tuo soggiorno. Mentre ti godi un momento di pace, potrai ammirare una vista incantevole del Lago di Garda, con la maestosa cornice del Monte Baldo che aggiunge un tocco di bellezza naturale. Sono a tua disposizione lettini e ombrelloni per garantirti il massimo del comfort mentre ti immergi nella tranquillit\u00e0 del nostro angolo di paradiso. seguici su @HOTELCORONA_SPIAZZI<\/p>","protected":false},"author":5,"featured_media":0,"parent":395,"menu_order":0,"comment_status":"closed","ping_status":"closed","template":"","meta":{"footnotes":""},"class_list":["post-7458","page","type-page","status-publish","hentry"],"blocksy_meta":[],"_links":{"self":[{"href":"https:\/\/hotelcorona-spiazzi.it\/de\/wp-json\/wp\/v2\/pages\/7458","targetHints":{"allow":["GET"]}}],"collection":[{"href":"https:\/\/hotelcorona-spiazzi.it\/de\/wp-json\/wp\/v2\/pages"}],"about":[{"href":"https:\/\/hotelcorona-spiazzi.it\/de\/wp-json\/wp\/v2\/types\/page"}],"author":[{"embeddable":true,"href":"https:\/\/hotelcorona-spiazzi.it\/de\/wp-json\/wp\/v2\/users\/5"}],"replies":[{"embeddable":true,"href":"https:\/\/hotelcorona-spiazzi.it\/de\/wp-json\/wp\/v2\/comments?post=7458"}],"version-history":[{"count":31,"href":"https:\/\/hotelcorona-spiazzi.it\/de\/wp-json\/wp\/v2\/pages\/7458\/revisions"}],"predecessor-version":[{"id":8500,"href":"https:\/\/hotelcorona-spiazzi.it\/de\/wp-json\/wp\/v2\/pages\/7458\/revisions\/8500"}],"up":[{"embeddable":true,"href":"https:\/\/hotelcorona-spiazzi.it\/de\/wp-json\/wp\/v2\/pages\/395"}],"wp:attachment":[{"href":"https:\/\/hotelcorona-spiazzi.it\/de\/wp-json\/wp\/v2\/media?parent=7458"}],"curies":[{"name":"wp","href":"https:\/\/api.w.org\/{rel}","templated":true}]}}