{"id":7702,"date":"2025-03-19T15:22:24","date_gmt":"2025-03-19T15:22:24","guid":{"rendered":"https:\/\/demo3.demo.servonet.it\/?page_id=7702"},"modified":"2025-07-04T14:28:56","modified_gmt":"2025-07-04T14:28:56","slug":"giardino","status":"publish","type":"page","link":"https:\/\/hotelcorona-spiazzi.it\/de\/servizi\/giardino\/","title":{"rendered":"Garten"},"content":{"rendered":"<div data-elementor-type=\"wp-page\" data-elementor-id=\"7702\" class=\"elementor elementor-7702\" data-elementor-settings=\"{&quot;ha_cmc_init_switcher&quot;:&quot;no&quot;}\">\n\t\t\t\t\t\t<section class=\"elementor-section elementor-top-section elementor-element elementor-element-134bfd2 ct-section-stretched elementor-section-full_width elementor-section-height-min-height elementor-section-height-default elementor-section-items-middle wpr-particle-no wpr-jarallax-no wpr-parallax-no wpr-sticky-section-no\" data-id=\"134bfd2\" data-element_type=\"section\" data-settings=\"{&quot;background_background&quot;:&quot;classic&quot;,&quot;_ha_eqh_enable&quot;:false}\">\n\t\t\t\t\t\t<div class=\"elementor-container elementor-column-gap-default\">\n\t\t\t\t\t<div class=\"elementor-column elementor-col-100 elementor-top-column elementor-element elementor-element-f59e524\" data-id=\"f59e524\" data-element_type=\"column\">\n\t\t\t<div class=\"elementor-widget-wrap\">\n\t\t\t\t\t\t\t<\/div>\n\t\t<\/div>\n\t\t\t\t\t<\/div>\n\t\t<\/section>\n\t\t\t\t<section class=\"elementor-section elementor-top-section elementor-element elementor-element-b46d5e8 ct-section-stretched elementor-section-boxed elementor-section-height-default elementor-section-height-default wpr-particle-no wpr-jarallax-no wpr-parallax-no wpr-sticky-section-no\" data-id=\"b46d5e8\" data-element_type=\"section\" data-settings=\"{&quot;background_background&quot;:&quot;classic&quot;,&quot;_ha_eqh_enable&quot;:false}\">\n\t\t\t\t\t\t<div class=\"elementor-container elementor-column-gap-default\">\n\t\t\t\t\t<div class=\"elementor-column elementor-col-50 elementor-top-column elementor-element elementor-element-0b3f805\" data-id=\"0b3f805\" data-element_type=\"column\" data-settings=\"{&quot;background_background&quot;:&quot;classic&quot;}\">\n\t\t\t<div class=\"elementor-widget-wrap elementor-element-populated\">\n\t\t\t\t\t\t<div class=\"elementor-element elementor-element-7ff0af8 elementor-widget elementor-widget-heading\" data-id=\"7ff0af8\" data-element_type=\"widget\" data-widget_type=\"heading.default\">\n\t\t\t\t<div class=\"elementor-widget-container\">\n\t\t\t\t\t<h2 class=\"elementor-heading-title elementor-size-default\">Entdecken Sie<\/h2>\t\t\t\t<\/div>\n\t\t\t\t<\/div>\n\t\t\t\t<div class=\"elementor-element elementor-element-52f53c4 elementor-widget elementor-widget-heading\" data-id=\"52f53c4\" data-element_type=\"widget\" data-widget_type=\"heading.default\">\n\t\t\t\t<div class=\"elementor-widget-container\">\n\t\t\t\t\t<h2 class=\"elementor-heading-title elementor-size-default\">INNENGARTEN<\/h2>\t\t\t\t<\/div>\n\t\t\t\t<\/div>\n\t\t\t\t\t<\/div>\n\t\t<\/div>\n\t\t\t\t<div class=\"elementor-column elementor-col-50 elementor-top-column elementor-element elementor-element-a4c9331\" data-id=\"a4c9331\" data-element_type=\"column\">\n\t\t\t<div class=\"elementor-widget-wrap elementor-element-populated\">\n\t\t\t\t\t\t<div class=\"elementor-element elementor-element-3c43579 elementor-widget elementor-widget-heading\" data-id=\"3c43579\" data-element_type=\"widget\" data-widget_type=\"heading.default\">\n\t\t\t\t<div class=\"elementor-widget-container\">\n\t\t\t\t\t<h2 class=\"elementor-heading-title elementor-size-default\">DER PERFEKTE R\u00dcCKZUGSORT ZUR ENTSPANNUNG<\/h2>\t\t\t\t<\/div>\n\t\t\t\t<\/div>\n\t\t\t\t\t<\/div>\n\t\t<\/div>\n\t\t\t\t\t<\/div>\n\t\t<\/section>\n\t\t\t\t<section class=\"elementor-section elementor-top-section elementor-element elementor-element-c72ffc1 ct-section-stretched elementor-section-height-min-height elementor-section-boxed elementor-section-height-default elementor-section-items-middle wpr-particle-no wpr-jarallax-no wpr-parallax-no wpr-sticky-section-no\" data-id=\"c72ffc1\" data-element_type=\"section\" data-settings=\"{&quot;background_background&quot;:&quot;classic&quot;,&quot;_ha_eqh_enable&quot;:false}\">\n\t\t\t\t\t\t<div class=\"elementor-container elementor-column-gap-default\">\n\t\t\t\t\t<div class=\"elementor-column elementor-col-100 elementor-top-column elementor-element elementor-element-cf2d6df\" data-id=\"cf2d6df\" data-element_type=\"column\">\n\t\t\t<div class=\"elementor-widget-wrap elementor-element-populated\">\n\t\t\t\t\t\t<div class=\"elementor-element elementor-element-58478aa elementor-widget-divider--view-line elementor-widget elementor-widget-divider\" data-id=\"58478aa\" data-element_type=\"widget\" data-widget_type=\"divider.default\">\n\t\t\t\t<div class=\"elementor-widget-container\">\n\t\t\t\t\t\t\t<div class=\"elementor-divider\">\n\t\t\t<span class=\"elementor-divider-separator\">\n\t\t\t\t\t\t<\/span>\n\t\t<\/div>\n\t\t\t\t\t\t<\/div>\n\t\t\t\t<\/div>\n\t\t\t\t\t<\/div>\n\t\t<\/div>\n\t\t\t\t\t<\/div>\n\t\t<\/section>\n\t\t\t\t<section class=\"elementor-section elementor-top-section elementor-element elementor-element-f01a20c elementor-section-height-min-height ct-section-stretched elementor-section-items-top elementor-section-boxed elementor-section-height-default wpr-particle-no wpr-jarallax-no wpr-parallax-no wpr-sticky-section-no\" data-id=\"f01a20c\" data-element_type=\"section\" data-settings=\"{&quot;background_background&quot;:&quot;classic&quot;,&quot;_ha_eqh_enable&quot;:false}\">\n\t\t\t\t\t\t<div class=\"elementor-container elementor-column-gap-default\">\n\t\t\t\t\t<div class=\"elementor-column elementor-col-50 elementor-top-column elementor-element elementor-element-8439d57\" data-id=\"8439d57\" data-element_type=\"column\">\n\t\t\t<div class=\"elementor-widget-wrap elementor-element-populated\">\n\t\t\t\t\t\t<div class=\"elementor-element elementor-element-1e001cd elementor-widget elementor-widget-image\" data-id=\"1e001cd\" data-element_type=\"widget\" data-widget_type=\"image.default\">\n\t\t\t\t<div class=\"elementor-widget-container\">\n\t\t\t\t\t\t\t\t\t\t\t\t\t\t\t<img fetchpriority=\"high\" decoding=\"async\" width=\"1024\" height=\"746\" src=\"https:\/\/hotelcorona-spiazzi.it\/wp-content\/uploads\/2025\/07\/quadrata-giardino.jpg\" class=\"attachment-large size-large wp-image-8480\" alt=\"\" srcset=\"https:\/\/hotelcorona-spiazzi.it\/wp-content\/uploads\/2025\/07\/quadrata-giardino.jpg 1024w, https:\/\/hotelcorona-spiazzi.it\/wp-content\/uploads\/2025\/07\/quadrata-giardino-300x219.jpg 300w, https:\/\/hotelcorona-spiazzi.it\/wp-content\/uploads\/2025\/07\/quadrata-giardino-768x560.jpg 768w, https:\/\/hotelcorona-spiazzi.it\/wp-content\/uploads\/2025\/07\/quadrata-giardino-16x12.jpg 16w, https:\/\/hotelcorona-spiazzi.it\/wp-content\/uploads\/2025\/07\/quadrata-giardino-200x146.jpg 200w\" sizes=\"(max-width: 1024px) 100vw, 1024px\" \/>\t\t\t\t\t\t\t\t\t\t\t\t\t\t\t<\/div>\n\t\t\t\t<\/div>\n\t\t\t\t\t<\/div>\n\t\t<\/div>\n\t\t\t\t<div class=\"elementor-column elementor-col-50 elementor-top-column elementor-element elementor-element-d128c09\" data-id=\"d128c09\" data-element_type=\"column\">\n\t\t\t<div class=\"elementor-widget-wrap elementor-element-populated\">\n\t\t\t\t\t\t<div class=\"elementor-element elementor-element-c0b4cc1 elementor-widget elementor-widget-text-editor\" data-id=\"c0b4cc1\" data-element_type=\"widget\" data-widget_type=\"text-editor.default\">\n\t\t\t\t<div class=\"elementor-widget-container\">\n\t\t\t\t\t\t\t\t\t<p>Unser <strong>kleiner Innengarten<\/strong>vor dem Schwimmbad, ist eine gem\u00fctliche Ecke, in der Sie sich einen Moment der Entspannung g\u00f6nnen k\u00f6nnen. <strong>entspannen<\/strong>. Perfekt f\u00fcr eine <strong>Fr\u00fchst\u00fcck im Freien<\/strong> in der Ruhe unseres Gartens, oder f\u00fcr ein <strong>Abend-Aperitif<\/strong> w\u00e4hrend die <strong>Sonnenuntergang<\/strong> malt den Himmel und den Gardasee.<\/p><p>Mit dem <strong>Monte Baldo<\/strong> Umrahmt von einem herrlichen Panorama, wird jeder Moment in dieser zauberhaften Ecke zu einem wahren Erlebnis der Gelassenheit, in dem Sie sich von der Sch\u00f6nheit der Natur, die Sie umgibt, einh\u00fcllen lassen k\u00f6nnen.<\/p>\t\t\t\t\t\t\t\t<\/div>\n\t\t\t\t<\/div>\n\t\t\t\t\t<\/div>\n\t\t<\/div>\n\t\t\t\t\t<\/div>\n\t\t<\/section>\n\t\t\t\t<section class=\"elementor-section elementor-top-section elementor-element elementor-element-040d778 ct-section-stretched elementor-section-full_width elementor-section-height-default elementor-section-height-default wpr-particle-no wpr-jarallax-no wpr-parallax-no wpr-sticky-section-no\" data-id=\"040d778\" data-element_type=\"section\" data-settings=\"{&quot;_ha_eqh_enable&quot;:false}\">\n\t\t\t\t\t\t<div class=\"elementor-container elementor-column-gap-default\">\n\t\t\t\t\t<div class=\"elementor-column elementor-col-100 elementor-top-column elementor-element elementor-element-3096184\" data-id=\"3096184\" data-element_type=\"column\">\n\t\t\t<div class=\"elementor-widget-wrap elementor-element-populated\">\n\t\t\t\t\t\t<div class=\"elementor-element elementor-element-0239bcb elementor-widget elementor-widget-spacer\" data-id=\"0239bcb\" data-element_type=\"widget\" data-widget_type=\"spacer.default\">\n\t\t\t\t<div class=\"elementor-widget-container\">\n\t\t\t\t\t\t\t<div class=\"elementor-spacer\">\n\t\t\t<div class=\"elementor-spacer-inner\"><\/div>\n\t\t<\/div>\n\t\t\t\t\t\t<\/div>\n\t\t\t\t<\/div>\n\t\t\t\t\t<\/div>\n\t\t<\/div>\n\t\t\t\t\t<\/div>\n\t\t<\/section>\n\t\t\t\t<section class=\"elementor-section elementor-top-section elementor-element elementor-element-58e7869 elementor-hidden-mobile elementor-hidden-desktop elementor-hidden-tablet elementor-section-boxed elementor-section-height-default elementor-section-height-default wpr-particle-no wpr-jarallax-no wpr-parallax-no wpr-sticky-section-no\" data-id=\"58e7869\" data-element_type=\"section\" data-settings=\"{&quot;_ha_eqh_enable&quot;:false}\">\n\t\t\t\t\t\t<div class=\"elementor-container elementor-column-gap-default\">\n\t\t\t\t\t<div class=\"elementor-column elementor-col-100 elementor-top-column elementor-element elementor-element-d36ffa8\" data-id=\"d36ffa8\" data-element_type=\"column\">\n\t\t\t<div class=\"elementor-widget-wrap elementor-element-populated\">\n\t\t\t\t\t\t<div class=\"elementor-element elementor-element-706a5ff elementor-widget elementor-widget-ha-justified-gallery happy-addon ha-justified-gallery\" data-id=\"706a5ff\" data-element_type=\"widget\" data-settings=\"{&quot;margins&quot;:{&quot;unit&quot;:&quot;px&quot;,&quot;size&quot;:5,&quot;sizes&quot;:[]},&quot;row_height&quot;:{&quot;unit&quot;:&quot;px&quot;,&quot;size&quot;:372,&quot;sizes&quot;:[]},&quot;last_row&quot;:&quot;justify&quot;,&quot;enable_popup&quot;:&quot;yes&quot;}\" data-widget_type=\"ha-justified-gallery.default\">\n\t\t\t\t<div class=\"elementor-widget-container\">\n\t\t\t\t\t\n\t\t<div class=\"ha-justified-grid__wrap hajs-justified-grid\">\n\t\t\t\t\t\t\t<a href=\"#\" data-mfp-src=\"https:\/\/hotelcorona-spiazzi.it\/wp-content\/uploads\/2024\/05\/Salone-Parc-Hotel-San-Pietro-13-1024x693.jpg\" class=\"ha-justified-grid__item ha-js-lightbox __fltr-1\" title=\"\">\n\t\t\t\t\t<img decoding=\"async\" width=\"768\" height=\"520\" src=\"https:\/\/hotelcorona-spiazzi.it\/wp-content\/uploads\/2024\/05\/Salone-Parc-Hotel-San-Pietro-13-768x520.jpg\" class=\"elementor-animation-grow\" alt=\"\" srcset=\"https:\/\/hotelcorona-spiazzi.it\/wp-content\/uploads\/2024\/05\/Salone-Parc-Hotel-San-Pietro-13-768x520.jpg 768w, https:\/\/hotelcorona-spiazzi.it\/wp-content\/uploads\/2024\/05\/Salone-Parc-Hotel-San-Pietro-13-300x203.jpg 300w, https:\/\/hotelcorona-spiazzi.it\/wp-content\/uploads\/2024\/05\/Salone-Parc-Hotel-San-Pietro-13-1024x693.jpg 1024w, https:\/\/hotelcorona-spiazzi.it\/wp-content\/uploads\/2024\/05\/Salone-Parc-Hotel-San-Pietro-13-1536x1040.jpg 1536w, https:\/\/hotelcorona-spiazzi.it\/wp-content\/uploads\/2024\/05\/Salone-Parc-Hotel-San-Pietro-13-2048x1387.jpg 2048w, https:\/\/hotelcorona-spiazzi.it\/wp-content\/uploads\/2024\/05\/Salone-Parc-Hotel-San-Pietro-13-200x135.jpg 200w\" sizes=\"(max-width: 768px) 100vw, 768px\" \/>\t\t\t\t<\/a>\n\t\t\t\t\t\t\t<a href=\"#\" data-mfp-src=\"https:\/\/hotelcorona-spiazzi.it\/wp-content\/uploads\/2024\/05\/Salone-Parc-Hotel-San-Pietro-11-1024x673.jpg\" class=\"ha-justified-grid__item ha-js-lightbox __fltr-1\" title=\"\">\n\t\t\t\t\t<img decoding=\"async\" width=\"768\" height=\"505\" src=\"https:\/\/hotelcorona-spiazzi.it\/wp-content\/uploads\/2024\/05\/Salone-Parc-Hotel-San-Pietro-11-768x505.jpg\" class=\"elementor-animation-grow\" alt=\"\" srcset=\"https:\/\/hotelcorona-spiazzi.it\/wp-content\/uploads\/2024\/05\/Salone-Parc-Hotel-San-Pietro-11-768x505.jpg 768w, https:\/\/hotelcorona-spiazzi.it\/wp-content\/uploads\/2024\/05\/Salone-Parc-Hotel-San-Pietro-11-300x197.jpg 300w, https:\/\/hotelcorona-spiazzi.it\/wp-content\/uploads\/2024\/05\/Salone-Parc-Hotel-San-Pietro-11-1024x673.jpg 1024w, https:\/\/hotelcorona-spiazzi.it\/wp-content\/uploads\/2024\/05\/Salone-Parc-Hotel-San-Pietro-11-1536x1009.jpg 1536w, https:\/\/hotelcorona-spiazzi.it\/wp-content\/uploads\/2024\/05\/Salone-Parc-Hotel-San-Pietro-11-200x131.jpg 200w\" sizes=\"(max-width: 768px) 100vw, 768px\" \/>\t\t\t\t<\/a>\n\t\t\t\t\t\t\t<a href=\"#\" data-mfp-src=\"https:\/\/hotelcorona-spiazzi.it\/wp-content\/uploads\/2024\/05\/Salone-Parc-Hotel-San-Pietro-6-1024x718.jpg\" class=\"ha-justified-grid__item ha-js-lightbox __fltr-1\" title=\"\">\n\t\t\t\t\t<img loading=\"lazy\" decoding=\"async\" width=\"768\" height=\"539\" src=\"https:\/\/hotelcorona-spiazzi.it\/wp-content\/uploads\/2024\/05\/Salone-Parc-Hotel-San-Pietro-6-768x539.jpg\" class=\"elementor-animation-grow\" alt=\"\" srcset=\"https:\/\/hotelcorona-spiazzi.it\/wp-content\/uploads\/2024\/05\/Salone-Parc-Hotel-San-Pietro-6-768x539.jpg 768w, https:\/\/hotelcorona-spiazzi.it\/wp-content\/uploads\/2024\/05\/Salone-Parc-Hotel-San-Pietro-6-300x210.jpg 300w, https:\/\/hotelcorona-spiazzi.it\/wp-content\/uploads\/2024\/05\/Salone-Parc-Hotel-San-Pietro-6-1024x718.jpg 1024w, https:\/\/hotelcorona-spiazzi.it\/wp-content\/uploads\/2024\/05\/Salone-Parc-Hotel-San-Pietro-6-1536x1077.jpg 1536w, https:\/\/hotelcorona-spiazzi.it\/wp-content\/uploads\/2024\/05\/Salone-Parc-Hotel-San-Pietro-6-2048x1436.jpg 2048w, https:\/\/hotelcorona-spiazzi.it\/wp-content\/uploads\/2024\/05\/Salone-Parc-Hotel-San-Pietro-6-200x140.jpg 200w\" sizes=\"(max-width: 768px) 100vw, 768px\" \/>\t\t\t\t<\/a>\n\t\t\t\t\t\t\t<a href=\"#\" data-mfp-src=\"https:\/\/hotelcorona-spiazzi.it\/wp-content\/uploads\/2024\/05\/Salone-Parc-Hotel-San-Pietro-12-1024x777.jpg\" class=\"ha-justified-grid__item ha-js-lightbox __fltr-1\" title=\"\">\n\t\t\t\t\t<img loading=\"lazy\" decoding=\"async\" width=\"768\" height=\"583\" src=\"https:\/\/hotelcorona-spiazzi.it\/wp-content\/uploads\/2024\/05\/Salone-Parc-Hotel-San-Pietro-12-768x583.jpg\" class=\"elementor-animation-grow\" alt=\"\" srcset=\"https:\/\/hotelcorona-spiazzi.it\/wp-content\/uploads\/2024\/05\/Salone-Parc-Hotel-San-Pietro-12-768x583.jpg 768w, https:\/\/hotelcorona-spiazzi.it\/wp-content\/uploads\/2024\/05\/Salone-Parc-Hotel-San-Pietro-12-300x228.jpg 300w, https:\/\/hotelcorona-spiazzi.it\/wp-content\/uploads\/2024\/05\/Salone-Parc-Hotel-San-Pietro-12-1024x777.jpg 1024w, https:\/\/hotelcorona-spiazzi.it\/wp-content\/uploads\/2024\/05\/Salone-Parc-Hotel-San-Pietro-12-1536x1166.jpg 1536w, https:\/\/hotelcorona-spiazzi.it\/wp-content\/uploads\/2024\/05\/Salone-Parc-Hotel-San-Pietro-12-2048x1554.jpg 2048w, https:\/\/hotelcorona-spiazzi.it\/wp-content\/uploads\/2024\/05\/Salone-Parc-Hotel-San-Pietro-12-200x152.jpg 200w\" sizes=\"(max-width: 768px) 100vw, 768px\" \/>\t\t\t\t<\/a>\n\t\t\t\t\t\t\t<a href=\"#\" data-mfp-src=\"https:\/\/hotelcorona-spiazzi.it\/wp-content\/uploads\/2024\/05\/Salone-Parc-Hotel-San-Pietro-16-1024x804.jpg\" class=\"ha-justified-grid__item ha-js-lightbox __fltr-1\" title=\"\">\n\t\t\t\t\t<img loading=\"lazy\" decoding=\"async\" width=\"768\" height=\"603\" src=\"https:\/\/hotelcorona-spiazzi.it\/wp-content\/uploads\/2024\/05\/Salone-Parc-Hotel-San-Pietro-16-768x603.jpg\" class=\"elementor-animation-grow\" alt=\"\" srcset=\"https:\/\/hotelcorona-spiazzi.it\/wp-content\/uploads\/2024\/05\/Salone-Parc-Hotel-San-Pietro-16-768x603.jpg 768w, https:\/\/hotelcorona-spiazzi.it\/wp-content\/uploads\/2024\/05\/Salone-Parc-Hotel-San-Pietro-16-300x235.jpg 300w, https:\/\/hotelcorona-spiazzi.it\/wp-content\/uploads\/2024\/05\/Salone-Parc-Hotel-San-Pietro-16-1024x804.jpg 1024w, https:\/\/hotelcorona-spiazzi.it\/wp-content\/uploads\/2024\/05\/Salone-Parc-Hotel-San-Pietro-16-1536x1206.jpg 1536w, https:\/\/hotelcorona-spiazzi.it\/wp-content\/uploads\/2024\/05\/Salone-Parc-Hotel-San-Pietro-16-2048x1608.jpg 2048w, https:\/\/hotelcorona-spiazzi.it\/wp-content\/uploads\/2024\/05\/Salone-Parc-Hotel-San-Pietro-16-200x157.jpg 200w\" sizes=\"(max-width: 768px) 100vw, 768px\" \/>\t\t\t\t<\/a>\n\t\t\t\t\t\t\t<a href=\"#\" data-mfp-src=\"https:\/\/hotelcorona-spiazzi.it\/wp-content\/uploads\/2024\/05\/Salone-Parc-Hotel-San-Pietro-17-1024x993.jpg\" class=\"ha-justified-grid__item ha-js-lightbox __fltr-1\" title=\"\">\n\t\t\t\t\t<img loading=\"lazy\" decoding=\"async\" width=\"768\" height=\"745\" src=\"https:\/\/hotelcorona-spiazzi.it\/wp-content\/uploads\/2024\/05\/Salone-Parc-Hotel-San-Pietro-17-768x745.jpg\" class=\"elementor-animation-grow\" alt=\"\" srcset=\"https:\/\/hotelcorona-spiazzi.it\/wp-content\/uploads\/2024\/05\/Salone-Parc-Hotel-San-Pietro-17-768x745.jpg 768w, https:\/\/hotelcorona-spiazzi.it\/wp-content\/uploads\/2024\/05\/Salone-Parc-Hotel-San-Pietro-17-300x291.jpg 300w, https:\/\/hotelcorona-spiazzi.it\/wp-content\/uploads\/2024\/05\/Salone-Parc-Hotel-San-Pietro-17-1024x993.jpg 1024w, https:\/\/hotelcorona-spiazzi.it\/wp-content\/uploads\/2024\/05\/Salone-Parc-Hotel-San-Pietro-17-1536x1489.jpg 1536w, https:\/\/hotelcorona-spiazzi.it\/wp-content\/uploads\/2024\/05\/Salone-Parc-Hotel-San-Pietro-17-2048x1986.jpg 2048w, https:\/\/hotelcorona-spiazzi.it\/wp-content\/uploads\/2024\/05\/Salone-Parc-Hotel-San-Pietro-17-200x194.jpg 200w\" sizes=\"(max-width: 768px) 100vw, 768px\" \/>\t\t\t\t<\/a>\n\t\t\t\t\t<\/div>\n\n\t\t\t\t\t\t<\/div>\n\t\t\t\t<\/div>\n\t\t\t\t\t<\/div>\n\t\t<\/div>\n\t\t\t\t\t<\/div>\n\t\t<\/section>\n\t\t\t\t<section class=\"elementor-section elementor-top-section elementor-element elementor-element-538bbd0 elementor-section-boxed elementor-section-height-default elementor-section-height-default wpr-particle-no wpr-jarallax-no wpr-parallax-no wpr-sticky-section-no\" data-id=\"538bbd0\" data-element_type=\"section\" data-settings=\"{&quot;_ha_eqh_enable&quot;:false}\">\n\t\t\t\t\t\t<div class=\"elementor-container elementor-column-gap-default\">\n\t\t\t\t\t<div class=\"elementor-column elementor-col-100 elementor-top-column elementor-element elementor-element-1f8fe22\" data-id=\"1f8fe22\" data-element_type=\"column\">\n\t\t\t<div class=\"elementor-widget-wrap elementor-element-populated\">\n\t\t\t\t\t\t<div class=\"elementor-element elementor-element-8f72198 elementor-widget elementor-widget-heading\" data-id=\"8f72198\" data-element_type=\"widget\" data-widget_type=\"heading.default\">\n\t\t\t\t<div class=\"elementor-widget-container\">\n\t\t\t\t\t<h2 class=\"elementor-heading-title elementor-size-default\">folgen Sie uns auf<\/h2>\t\t\t\t<\/div>\n\t\t\t\t<\/div>\n\t\t\t\t<div class=\"elementor-element elementor-element-86e4c22 elementor-widget elementor-widget-heading\" data-id=\"86e4c22\" data-element_type=\"widget\" data-widget_type=\"heading.default\">\n\t\t\t\t<div class=\"elementor-widget-container\">\n\t\t\t\t\t<h2 class=\"elementor-heading-title elementor-size-default\"><a href=\"https:\/\/www.instagram.com\/hotelcorona_spiazzi\/\" target=\"_blank\">@HOTELCORONA_SPIAZZI<\/a><\/h2>\t\t\t\t<\/div>\n\t\t\t\t<\/div>\n\t\t\t\t\t<\/div>\n\t\t<\/div>\n\t\t\t\t\t<\/div>\n\t\t<\/section>\n\t\t\t\t<section class=\"elementor-section elementor-top-section elementor-element elementor-element-f3d6a0e ct-section-stretched elementor-section-full_width elementor-section-height-default elementor-section-height-default wpr-particle-no wpr-jarallax-no wpr-parallax-no wpr-sticky-section-no\" data-id=\"f3d6a0e\" data-element_type=\"section\" data-settings=\"{&quot;_ha_eqh_enable&quot;:false}\">\n\t\t\t\t\t\t<div class=\"elementor-container elementor-column-gap-default\">\n\t\t\t\t\t<div class=\"elementor-column elementor-col-100 elementor-top-column elementor-element elementor-element-c924cbc\" data-id=\"c924cbc\" data-element_type=\"column\">\n\t\t\t<div class=\"elementor-widget-wrap elementor-element-populated\">\n\t\t\t\t\t\t<div class=\"elementor-element elementor-element-09cd9e6 elementor-widget elementor-widget-spacer\" data-id=\"09cd9e6\" data-element_type=\"widget\" data-widget_type=\"spacer.default\">\n\t\t\t\t<div class=\"elementor-widget-container\">\n\t\t\t\t\t\t\t<div class=\"elementor-spacer\">\n\t\t\t<div class=\"elementor-spacer-inner\"><\/div>\n\t\t<\/div>\n\t\t\t\t\t\t<\/div>\n\t\t\t\t<\/div>\n\t\t\t\t\t<\/div>\n\t\t<\/div>\n\t\t\t\t\t<\/div>\n\t\t<\/section>\n\t\t\t\t<\/div>","protected":false},"excerpt":{"rendered":"<p>Scopri il GIARDINO INTERNO IL RIFUGIO PERFETTO PER IL RELAX Il nostro giardinetto interno, situato di fronte alla piscina, \u00e8 un angolo accogliente dove potrai concederti un momento di totale relax. Perfetto per una colazione all\u2019aperto immerso nella tranquillit\u00e0 del nostro giardino, o per un aperitivo serale mentre il tramonto dipinge il cielo e il lago di Garda. Con il Monte Baldo che incornicia il panorama, ogni momento passato in questo angolo incantevole diventa una vera e propria esperienza di serenit\u00e0, dove puoi lasciarti avvolgere dalla bellezza naturale che ti circonda seguici su @HOTELCORONA_SPIAZZI<\/p>","protected":false},"author":5,"featured_media":0,"parent":395,"menu_order":0,"comment_status":"closed","ping_status":"closed","template":"","meta":{"footnotes":""},"class_list":["post-7702","page","type-page","status-publish","hentry"],"blocksy_meta":[],"_links":{"self":[{"href":"https:\/\/hotelcorona-spiazzi.it\/de\/wp-json\/wp\/v2\/pages\/7702","targetHints":{"allow":["GET"]}}],"collection":[{"href":"https:\/\/hotelcorona-spiazzi.it\/de\/wp-json\/wp\/v2\/pages"}],"about":[{"href":"https:\/\/hotelcorona-spiazzi.it\/de\/wp-json\/wp\/v2\/types\/page"}],"author":[{"embeddable":true,"href":"https:\/\/hotelcorona-spiazzi.it\/de\/wp-json\/wp\/v2\/users\/5"}],"replies":[{"embeddable":true,"href":"https:\/\/hotelcorona-spiazzi.it\/de\/wp-json\/wp\/v2\/comments?post=7702"}],"version-history":[{"count":13,"href":"https:\/\/hotelcorona-spiazzi.it\/de\/wp-json\/wp\/v2\/pages\/7702\/revisions"}],"predecessor-version":[{"id":8483,"href":"https:\/\/hotelcorona-spiazzi.it\/de\/wp-json\/wp\/v2\/pages\/7702\/revisions\/8483"}],"up":[{"embeddable":true,"href":"https:\/\/hotelcorona-spiazzi.it\/de\/wp-json\/wp\/v2\/pages\/395"}],"wp:attachment":[{"href":"https:\/\/hotelcorona-spiazzi.it\/de\/wp-json\/wp\/v2\/media?parent=7702"}],"curies":[{"name":"wp","href":"https:\/\/api.w.org\/{rel}","templated":true}]}}