{"id":1248,"date":"2024-02-02T10:49:27","date_gmt":"2024-02-02T10:49:27","guid":{"rendered":"https:\/\/parchotelsanpietro.it\/?page_id=1248"},"modified":"2026-04-10T14:59:13","modified_gmt":"2026-04-10T14:59:13","slug":"ristorante","status":"publish","type":"page","link":"https:\/\/hotelcorona-spiazzi.it\/en\/servizi\/ristorante\/","title":{"rendered":"Restaurant"},"content":{"rendered":"<div data-elementor-type=\"wp-page\" data-elementor-id=\"1248\" class=\"elementor elementor-1248\" data-elementor-settings=\"{&quot;ha_cmc_init_switcher&quot;:&quot;no&quot;}\">\n\t\t\t\t\t\t<section class=\"elementor-section elementor-top-section elementor-element elementor-element-134bfd2 ct-section-stretched elementor-section-full_width elementor-section-height-min-height elementor-section-height-default elementor-section-items-middle wpr-particle-no wpr-jarallax-no wpr-parallax-no wpr-sticky-section-no\" data-id=\"134bfd2\" data-element_type=\"section\" data-settings=\"{&quot;background_background&quot;:&quot;classic&quot;,&quot;_ha_eqh_enable&quot;:false}\">\n\t\t\t\t\t\t<div class=\"elementor-container elementor-column-gap-default\">\n\t\t\t\t\t<div class=\"elementor-column elementor-col-100 elementor-top-column elementor-element elementor-element-f59e524\" data-id=\"f59e524\" data-element_type=\"column\">\n\t\t\t<div class=\"elementor-widget-wrap\">\n\t\t\t\t\t\t\t<\/div>\n\t\t<\/div>\n\t\t\t\t\t<\/div>\n\t\t<\/section>\n\t\t\t\t<section class=\"elementor-section elementor-top-section elementor-element elementor-element-b46d5e8 ct-section-stretched elementor-section-boxed elementor-section-height-default elementor-section-height-default wpr-particle-no wpr-jarallax-no wpr-parallax-no wpr-sticky-section-no\" data-id=\"b46d5e8\" data-element_type=\"section\" data-settings=\"{&quot;background_background&quot;:&quot;classic&quot;,&quot;_ha_eqh_enable&quot;:false}\">\n\t\t\t\t\t\t<div class=\"elementor-container elementor-column-gap-default\">\n\t\t\t\t\t<div class=\"elementor-column elementor-col-50 elementor-top-column elementor-element elementor-element-0b3f805\" data-id=\"0b3f805\" data-element_type=\"column\">\n\t\t\t<div class=\"elementor-widget-wrap elementor-element-populated\">\n\t\t\t\t\t\t<div class=\"elementor-element elementor-element-7ff0af8 elementor-widget elementor-widget-heading\" data-id=\"7ff0af8\" data-element_type=\"widget\" data-widget_type=\"heading.default\">\n\t\t\t\t<div class=\"elementor-widget-container\">\n\t\t\t\t\t<h2 class=\"elementor-heading-title elementor-size-default\">Discover<\/h2>\t\t\t\t<\/div>\n\t\t\t\t<\/div>\n\t\t\t\t<div class=\"elementor-element elementor-element-52f53c4 elementor-widget elementor-widget-heading\" data-id=\"52f53c4\" data-element_type=\"widget\" data-widget_type=\"heading.default\">\n\t\t\t\t<div class=\"elementor-widget-container\">\n\t\t\t\t\t<h2 class=\"elementor-heading-title elementor-size-default\">LA LANTERNA RESTAURANT<\/h2>\t\t\t\t<\/div>\n\t\t\t\t<\/div>\n\t\t\t\t\t<\/div>\n\t\t<\/div>\n\t\t\t\t<div class=\"elementor-column elementor-col-50 elementor-top-column elementor-element elementor-element-a4c9331\" data-id=\"a4c9331\" data-element_type=\"column\">\n\t\t\t<div class=\"elementor-widget-wrap elementor-element-populated\">\n\t\t\t\t\t\t<div class=\"elementor-element elementor-element-3c43579 elementor-widget elementor-widget-heading\" data-id=\"3c43579\" data-element_type=\"widget\" data-widget_type=\"heading.default\">\n\t\t\t\t<div class=\"elementor-widget-container\">\n\t\t\t\t\t<h2 class=\"elementor-heading-title elementor-size-default\">A journey to discover typical flavours<\/h2>\t\t\t\t<\/div>\n\t\t\t\t<\/div>\n\t\t\t\t\t<\/div>\n\t\t<\/div>\n\t\t\t\t\t<\/div>\n\t\t<\/section>\n\t\t\t\t<section class=\"elementor-section elementor-top-section elementor-element elementor-element-c72ffc1 ct-section-stretched elementor-section-height-min-height elementor-section-boxed elementor-section-height-default elementor-section-items-middle wpr-particle-no wpr-jarallax-no wpr-parallax-no wpr-sticky-section-no\" data-id=\"c72ffc1\" data-element_type=\"section\" data-settings=\"{&quot;background_background&quot;:&quot;classic&quot;,&quot;_ha_eqh_enable&quot;:false}\">\n\t\t\t\t\t\t<div class=\"elementor-container elementor-column-gap-default\">\n\t\t\t\t\t<div class=\"elementor-column elementor-col-100 elementor-top-column elementor-element elementor-element-cf2d6df\" data-id=\"cf2d6df\" data-element_type=\"column\">\n\t\t\t<div class=\"elementor-widget-wrap elementor-element-populated\">\n\t\t\t\t\t\t<div class=\"elementor-element elementor-element-58478aa elementor-widget-divider--view-line elementor-widget elementor-widget-divider\" data-id=\"58478aa\" data-element_type=\"widget\" data-widget_type=\"divider.default\">\n\t\t\t\t<div class=\"elementor-widget-container\">\n\t\t\t\t\t\t\t<div class=\"elementor-divider\">\n\t\t\t<span class=\"elementor-divider-separator\">\n\t\t\t\t\t\t<\/span>\n\t\t<\/div>\n\t\t\t\t\t\t<\/div>\n\t\t\t\t<\/div>\n\t\t\t\t\t<\/div>\n\t\t<\/div>\n\t\t\t\t\t<\/div>\n\t\t<\/section>\n\t\t\t\t<section class=\"elementor-section elementor-top-section elementor-element elementor-element-f01a20c elementor-section-height-min-height ct-section-stretched elementor-section-items-top elementor-section-boxed elementor-section-height-default wpr-particle-no wpr-jarallax-no wpr-parallax-no wpr-sticky-section-no\" data-id=\"f01a20c\" data-element_type=\"section\" data-settings=\"{&quot;background_background&quot;:&quot;classic&quot;,&quot;_ha_eqh_enable&quot;:false}\">\n\t\t\t\t\t\t<div class=\"elementor-container elementor-column-gap-default\">\n\t\t\t\t\t<div class=\"elementor-column elementor-col-50 elementor-top-column elementor-element elementor-element-8439d57\" data-id=\"8439d57\" data-element_type=\"column\">\n\t\t\t<div class=\"elementor-widget-wrap elementor-element-populated\">\n\t\t\t\t\t\t<div class=\"elementor-element elementor-element-1e001cd elementor-widget elementor-widget-image\" data-id=\"1e001cd\" data-element_type=\"widget\" data-widget_type=\"image.default\">\n\t\t\t\t<div class=\"elementor-widget-container\">\n\t\t\t\t\t\t\t\t\t\t\t\t\t\t\t<img fetchpriority=\"high\" decoding=\"async\" width=\"866\" height=\"866\" src=\"https:\/\/hotelcorona-spiazzi.it\/wp-content\/uploads\/2026\/03\/ristorante-italia-square-01.jpg\" class=\"attachment-large size-large wp-image-8606\" alt=\"\" srcset=\"https:\/\/hotelcorona-spiazzi.it\/wp-content\/uploads\/2026\/03\/ristorante-italia-square-01.jpg 866w, https:\/\/hotelcorona-spiazzi.it\/wp-content\/uploads\/2026\/03\/ristorante-italia-square-01-300x300.jpg 300w, https:\/\/hotelcorona-spiazzi.it\/wp-content\/uploads\/2026\/03\/ristorante-italia-square-01-150x150.jpg 150w, https:\/\/hotelcorona-spiazzi.it\/wp-content\/uploads\/2026\/03\/ristorante-italia-square-01-768x768.jpg 768w, https:\/\/hotelcorona-spiazzi.it\/wp-content\/uploads\/2026\/03\/ristorante-italia-square-01-12x12.jpg 12w, https:\/\/hotelcorona-spiazzi.it\/wp-content\/uploads\/2026\/03\/ristorante-italia-square-01-200x200.jpg 200w\" sizes=\"(max-width: 866px) 100vw, 866px\" \/>\t\t\t\t\t\t\t\t\t\t\t\t\t\t\t<\/div>\n\t\t\t\t<\/div>\n\t\t\t\t\t<\/div>\n\t\t<\/div>\n\t\t\t\t<div class=\"elementor-column elementor-col-50 elementor-top-column elementor-element elementor-element-d128c09\" data-id=\"d128c09\" data-element_type=\"column\">\n\t\t\t<div class=\"elementor-widget-wrap elementor-element-populated\">\n\t\t\t\t\t\t<div class=\"elementor-element elementor-element-c0b4cc1 elementor-widget elementor-widget-text-editor\" data-id=\"c0b4cc1\" data-element_type=\"widget\" data-widget_type=\"text-editor.default\">\n\t\t\t\t<div class=\"elementor-widget-container\">\n\t\t\t\t\t\t\t\t\t<p>Our associated two-storey wooden restaurant is a special corner that combines the warm and cosy atmosphere of the mountains with a touch of elegance. The special fornitures creates a <strong>suggestive location<\/strong>where every detail contributes to a unique experience. Our staff will welcome you with warm smiles and guide you to discover our <strong>traditional dishes,<\/strong>prepared with fresh, local ingredients.<\/p><p>Relax on the terrace located in the inner courtyard <strong>with a splendid view of Garda Lake,<\/strong>, il luogo perfetto per gustare un aperitivo, pranzare o cenare. La magia del luogo raggiunge il suo apice al calar del sole, quando puoi vivere <strong>momenti di pura serenit\u00e0<\/strong>, circondato dalla <strong>bellezza naturale<\/strong>.<\/p><p>Ogni pasto \u00e8 un invito a godere della nostra ospitalit\u00e0 e dei sapori autentici della zona, in un ambiente che ti far\u00e0 sentire sempre a casa.<\/p>\t\t\t\t\t\t\t\t<\/div>\n\t\t\t\t<\/div>\n\t\t\t\t\t<\/div>\n\t\t<\/div>\n\t\t\t\t\t<\/div>\n\t\t<\/section>\n\t\t\t\t<section class=\"elementor-section elementor-top-section elementor-element elementor-element-040d778 ct-section-stretched elementor-section-full_width elementor-section-height-default elementor-section-height-default wpr-particle-no wpr-jarallax-no wpr-parallax-no wpr-sticky-section-no\" data-id=\"040d778\" data-element_type=\"section\" data-settings=\"{&quot;_ha_eqh_enable&quot;:false}\">\n\t\t\t\t\t\t<div class=\"elementor-container elementor-column-gap-default\">\n\t\t\t\t\t<div class=\"elementor-column elementor-col-100 elementor-top-column elementor-element elementor-element-3096184\" data-id=\"3096184\" data-element_type=\"column\">\n\t\t\t<div class=\"elementor-widget-wrap elementor-element-populated\">\n\t\t\t\t\t\t<div class=\"elementor-element elementor-element-0239bcb elementor-widget elementor-widget-spacer\" data-id=\"0239bcb\" data-element_type=\"widget\" data-widget_type=\"spacer.default\">\n\t\t\t\t<div class=\"elementor-widget-container\">\n\t\t\t\t\t\t\t<div class=\"elementor-spacer\">\n\t\t\t<div class=\"elementor-spacer-inner\"><\/div>\n\t\t<\/div>\n\t\t\t\t\t\t<\/div>\n\t\t\t\t<\/div>\n\t\t\t\t\t<\/div>\n\t\t<\/div>\n\t\t\t\t\t<\/div>\n\t\t<\/section>\n\t\t\t\t<section class=\"elementor-section elementor-top-section elementor-element elementor-element-f3bedba ct-section-stretched elementor-section-full_width elementor-section-height-min-height elementor-section-height-default elementor-section-items-middle wpr-particle-no wpr-jarallax-no wpr-parallax-no wpr-sticky-section-no\" data-id=\"f3bedba\" data-element_type=\"section\" data-settings=\"{&quot;background_background&quot;:&quot;classic&quot;,&quot;_ha_eqh_enable&quot;:false}\">\n\t\t\t\t\t\t<div class=\"elementor-container elementor-column-gap-default\">\n\t\t\t\t\t<div class=\"elementor-column elementor-col-100 elementor-top-column elementor-element elementor-element-3882788\" data-id=\"3882788\" data-element_type=\"column\">\n\t\t\t<div class=\"elementor-widget-wrap elementor-element-populated\">\n\t\t\t\t\t\t<div class=\"elementor-element elementor-element-f213bdc elementor-widget elementor-widget-heading\" data-id=\"f213bdc\" data-element_type=\"widget\" data-widget_type=\"heading.default\">\n\t\t\t\t<div class=\"elementor-widget-container\">\n\t\t\t\t\t<h2 class=\"elementor-heading-title elementor-size-default\">Scopri il nostro<\/h2>\t\t\t\t<\/div>\n\t\t\t\t<\/div>\n\t\t\t\t<div class=\"elementor-element elementor-element-767ac1f elementor-widget elementor-widget-heading\" data-id=\"767ac1f\" data-element_type=\"widget\" data-widget_type=\"heading.default\">\n\t\t\t\t<div class=\"elementor-widget-container\">\n\t\t\t\t\t<h2 class=\"elementor-heading-title elementor-size-default\">MENU<\/h2>\t\t\t\t<\/div>\n\t\t\t\t<\/div>\n\t\t\t\t<div class=\"elementor-element elementor-element-ab37b42 elementor-align-center elementor-widget elementor-widget-button\" data-id=\"ab37b42\" data-element_type=\"widget\" data-widget_type=\"button.default\">\n\t\t\t\t<div class=\"elementor-widget-container\">\n\t\t\t\t\t\t\t\t\t<div class=\"elementor-button-wrapper\">\n\t\t\t\t\t<a class=\"elementor-button elementor-button-link elementor-size-sm\" href=\"https:\/\/menu.hotelcorona-spiazzi.it\/\">\n\t\t\t\t\t\t<span class=\"elementor-button-content-wrapper\">\n\t\t\t\t\t\t\t\t\t<span class=\"elementor-button-text\">CLICK HERE<\/span>\n\t\t\t\t\t<\/span>\n\t\t\t\t\t<\/a>\n\t\t\t\t<\/div>\n\t\t\t\t\t\t\t\t<\/div>\n\t\t\t\t<\/div>\n\t\t\t\t\t<\/div>\n\t\t<\/div>\n\t\t\t\t\t<\/div>\n\t\t<\/section>\n\t\t\t\t<section class=\"elementor-section elementor-top-section elementor-element elementor-element-1d4e5a4 ct-section-stretched elementor-section-full_width elementor-section-height-default elementor-section-height-default wpr-particle-no wpr-jarallax-no wpr-parallax-no wpr-sticky-section-no\" data-id=\"1d4e5a4\" data-element_type=\"section\" data-settings=\"{&quot;_ha_eqh_enable&quot;:false}\">\n\t\t\t\t\t\t<div class=\"elementor-container elementor-column-gap-default\">\n\t\t\t\t\t<div class=\"elementor-column elementor-col-100 elementor-top-column elementor-element elementor-element-6329d2a\" data-id=\"6329d2a\" data-element_type=\"column\">\n\t\t\t<div class=\"elementor-widget-wrap elementor-element-populated\">\n\t\t\t\t\t\t<div class=\"elementor-element elementor-element-6853ffe elementor-widget elementor-widget-spacer\" data-id=\"6853ffe\" data-element_type=\"widget\" data-widget_type=\"spacer.default\">\n\t\t\t\t<div class=\"elementor-widget-container\">\n\t\t\t\t\t\t\t<div class=\"elementor-spacer\">\n\t\t\t<div class=\"elementor-spacer-inner\"><\/div>\n\t\t<\/div>\n\t\t\t\t\t\t<\/div>\n\t\t\t\t<\/div>\n\t\t\t\t\t<\/div>\n\t\t<\/div>\n\t\t\t\t\t<\/div>\n\t\t<\/section>\n\t\t\t\t<section class=\"elementor-section elementor-top-section elementor-element elementor-element-58e7869 elementor-section-boxed elementor-section-height-default elementor-section-height-default wpr-particle-no wpr-jarallax-no wpr-parallax-no wpr-sticky-section-no\" data-id=\"58e7869\" data-element_type=\"section\" data-settings=\"{&quot;_ha_eqh_enable&quot;:false}\">\n\t\t\t\t\t\t<div class=\"elementor-container elementor-column-gap-default\">\n\t\t\t\t\t<div class=\"elementor-column elementor-col-100 elementor-top-column elementor-element elementor-element-d36ffa8\" data-id=\"d36ffa8\" data-element_type=\"column\">\n\t\t\t<div class=\"elementor-widget-wrap elementor-element-populated\">\n\t\t\t\t\t\t<div class=\"elementor-element elementor-element-706a5ff elementor-widget elementor-widget-ha-justified-gallery happy-addon ha-justified-gallery\" data-id=\"706a5ff\" data-element_type=\"widget\" data-settings=\"{&quot;margins&quot;:{&quot;unit&quot;:&quot;px&quot;,&quot;size&quot;:5,&quot;sizes&quot;:[]},&quot;row_height&quot;:{&quot;unit&quot;:&quot;px&quot;,&quot;size&quot;:372,&quot;sizes&quot;:[]},&quot;disable_lightbox_on_tablet&quot;:&quot;yes&quot;,&quot;disable_lightbox_on_mobile&quot;:&quot;yes&quot;,&quot;last_row&quot;:&quot;justify&quot;,&quot;enable_popup&quot;:&quot;yes&quot;}\" data-widget_type=\"ha-justified-gallery.default\">\n\t\t\t\t<div class=\"elementor-widget-container\">\n\t\t\t\t\t\n\t\t<div class=\"ha-justified-grid__wrap hajs-justified-grid\">\n\t\t\t\t\t\t\t<a href=\"#\" data-mfp-src=\"https:\/\/hotelcorona-spiazzi.it\/wp-content\/uploads\/2025\/07\/bar-foto-gallery034-717x1024.jpg\" class=\"ha-justified-grid__item ha-js-lightbox __fltr-1\" title=\"\">\n\t\t\t\t\t<img decoding=\"async\" width=\"1075\" height=\"1536\" src=\"https:\/\/hotelcorona-spiazzi.it\/wp-content\/uploads\/2025\/07\/bar-foto-gallery034-1075x1536.jpg\" class=\"elementor-animation-grow\" alt=\"\" srcset=\"https:\/\/hotelcorona-spiazzi.it\/wp-content\/uploads\/2025\/07\/bar-foto-gallery034-1075x1536.jpg 1075w, https:\/\/hotelcorona-spiazzi.it\/wp-content\/uploads\/2025\/07\/bar-foto-gallery034-210x300.jpg 210w, https:\/\/hotelcorona-spiazzi.it\/wp-content\/uploads\/2025\/07\/bar-foto-gallery034-717x1024.jpg 717w, https:\/\/hotelcorona-spiazzi.it\/wp-content\/uploads\/2025\/07\/bar-foto-gallery034-768x1097.jpg 768w, https:\/\/hotelcorona-spiazzi.it\/wp-content\/uploads\/2025\/07\/bar-foto-gallery034-8x12.jpg 8w, https:\/\/hotelcorona-spiazzi.it\/wp-content\/uploads\/2025\/07\/bar-foto-gallery034-200x286.jpg 200w, https:\/\/hotelcorona-spiazzi.it\/wp-content\/uploads\/2025\/07\/bar-foto-gallery034.jpg 1400w\" sizes=\"(max-width: 1075px) 100vw, 1075px\" \/>\t\t\t\t<\/a>\n\t\t\t\t\t\t\t<a href=\"#\" data-mfp-src=\"https:\/\/hotelcorona-spiazzi.it\/wp-content\/uploads\/2025\/07\/bar-foto-gallery036-1024x731.jpg\" class=\"ha-justified-grid__item ha-js-lightbox __fltr-1\" title=\"\">\n\t\t\t\t\t<img decoding=\"async\" width=\"1400\" height=\"1000\" src=\"https:\/\/hotelcorona-spiazzi.it\/wp-content\/uploads\/2025\/07\/bar-foto-gallery036.jpg\" class=\"elementor-animation-grow\" alt=\"\" srcset=\"https:\/\/hotelcorona-spiazzi.it\/wp-content\/uploads\/2025\/07\/bar-foto-gallery036.jpg 1400w, https:\/\/hotelcorona-spiazzi.it\/wp-content\/uploads\/2025\/07\/bar-foto-gallery036-300x214.jpg 300w, https:\/\/hotelcorona-spiazzi.it\/wp-content\/uploads\/2025\/07\/bar-foto-gallery036-1024x731.jpg 1024w, https:\/\/hotelcorona-spiazzi.it\/wp-content\/uploads\/2025\/07\/bar-foto-gallery036-768x549.jpg 768w, https:\/\/hotelcorona-spiazzi.it\/wp-content\/uploads\/2025\/07\/bar-foto-gallery036-18x12.jpg 18w, https:\/\/hotelcorona-spiazzi.it\/wp-content\/uploads\/2025\/07\/bar-foto-gallery036-200x143.jpg 200w\" sizes=\"(max-width: 1400px) 100vw, 1400px\" \/>\t\t\t\t<\/a>\n\t\t\t\t\t\t\t<a href=\"#\" data-mfp-src=\"https:\/\/hotelcorona-spiazzi.it\/wp-content\/uploads\/2025\/07\/bar-foto-gallery033-1024x1024.jpg\" class=\"ha-justified-grid__item ha-js-lightbox __fltr-1\" title=\"\">\n\t\t\t\t\t<img loading=\"lazy\" decoding=\"async\" width=\"1400\" height=\"1400\" src=\"https:\/\/hotelcorona-spiazzi.it\/wp-content\/uploads\/2025\/07\/bar-foto-gallery033.jpg\" class=\"elementor-animation-grow\" alt=\"\" srcset=\"https:\/\/hotelcorona-spiazzi.it\/wp-content\/uploads\/2025\/07\/bar-foto-gallery033.jpg 1400w, https:\/\/hotelcorona-spiazzi.it\/wp-content\/uploads\/2025\/07\/bar-foto-gallery033-300x300.jpg 300w, https:\/\/hotelcorona-spiazzi.it\/wp-content\/uploads\/2025\/07\/bar-foto-gallery033-1024x1024.jpg 1024w, https:\/\/hotelcorona-spiazzi.it\/wp-content\/uploads\/2025\/07\/bar-foto-gallery033-150x150.jpg 150w, https:\/\/hotelcorona-spiazzi.it\/wp-content\/uploads\/2025\/07\/bar-foto-gallery033-768x768.jpg 768w, https:\/\/hotelcorona-spiazzi.it\/wp-content\/uploads\/2025\/07\/bar-foto-gallery033-12x12.jpg 12w, https:\/\/hotelcorona-spiazzi.it\/wp-content\/uploads\/2025\/07\/bar-foto-gallery033-200x200.jpg 200w\" sizes=\"(max-width: 1400px) 100vw, 1400px\" \/>\t\t\t\t<\/a>\n\t\t\t\t\t<\/div>\n\n\t\t\t\t\t\t<\/div>\n\t\t\t\t<\/div>\n\t\t\t\t\t<\/div>\n\t\t<\/div>\n\t\t\t\t\t<\/div>\n\t\t<\/section>\n\t\t\t\t<section class=\"elementor-section elementor-top-section elementor-element elementor-element-538bbd0 elementor-section-boxed elementor-section-height-default elementor-section-height-default wpr-particle-no wpr-jarallax-no wpr-parallax-no wpr-sticky-section-no\" data-id=\"538bbd0\" data-element_type=\"section\" data-settings=\"{&quot;_ha_eqh_enable&quot;:false}\">\n\t\t\t\t\t\t<div class=\"elementor-container elementor-column-gap-default\">\n\t\t\t\t\t<div class=\"elementor-column elementor-col-100 elementor-top-column elementor-element elementor-element-1f8fe22\" data-id=\"1f8fe22\" data-element_type=\"column\">\n\t\t\t<div class=\"elementor-widget-wrap elementor-element-populated\">\n\t\t\t\t\t\t<div class=\"elementor-element elementor-element-8f72198 elementor-widget elementor-widget-heading\" data-id=\"8f72198\" data-element_type=\"widget\" data-widget_type=\"heading.default\">\n\t\t\t\t<div class=\"elementor-widget-container\">\n\t\t\t\t\t<h2 class=\"elementor-heading-title elementor-size-default\">follow us on<\/h2>\t\t\t\t<\/div>\n\t\t\t\t<\/div>\n\t\t\t\t<div class=\"elementor-element elementor-element-86e4c22 elementor-widget elementor-widget-heading\" data-id=\"86e4c22\" data-element_type=\"widget\" data-widget_type=\"heading.default\">\n\t\t\t\t<div class=\"elementor-widget-container\">\n\t\t\t\t\t<h2 class=\"elementor-heading-title elementor-size-default\"><a href=\"https:\/\/www.instagram.com\/hotelcorona_spiazzi\/\">@HOTELCORONA_SPIAZZI<\/a><\/h2>\t\t\t\t<\/div>\n\t\t\t\t<\/div>\n\t\t\t\t\t<\/div>\n\t\t<\/div>\n\t\t\t\t\t<\/div>\n\t\t<\/section>\n\t\t\t\t<section class=\"elementor-section elementor-top-section elementor-element elementor-element-f3d6a0e ct-section-stretched elementor-section-full_width elementor-section-height-default elementor-section-height-default wpr-particle-no wpr-jarallax-no wpr-parallax-no wpr-sticky-section-no\" data-id=\"f3d6a0e\" data-element_type=\"section\" data-settings=\"{&quot;_ha_eqh_enable&quot;:false}\">\n\t\t\t\t\t\t<div class=\"elementor-container elementor-column-gap-default\">\n\t\t\t\t\t<div class=\"elementor-column elementor-col-100 elementor-top-column elementor-element elementor-element-c924cbc\" data-id=\"c924cbc\" data-element_type=\"column\">\n\t\t\t<div class=\"elementor-widget-wrap elementor-element-populated\">\n\t\t\t\t\t\t<div class=\"elementor-element elementor-element-09cd9e6 elementor-widget elementor-widget-spacer\" data-id=\"09cd9e6\" data-element_type=\"widget\" data-widget_type=\"spacer.default\">\n\t\t\t\t<div class=\"elementor-widget-container\">\n\t\t\t\t\t\t\t<div class=\"elementor-spacer\">\n\t\t\t<div class=\"elementor-spacer-inner\"><\/div>\n\t\t<\/div>\n\t\t\t\t\t\t<\/div>\n\t\t\t\t<\/div>\n\t\t\t\t\t<\/div>\n\t\t<\/div>\n\t\t\t\t\t<\/div>\n\t\t<\/section>\n\t\t\t\t<\/div>","protected":false},"excerpt":{"rendered":"<p>Scopri il NOSTRO RISTORANTE La Lanterna: un viaggio alla scoperta dei sapori tipici! Il nostro ristorante, in legno su due piani, \u00e8 un angolo speciale che unisce l\u2019atmosfera calda e accogliente della montagna con un tocco di eleganza. Gli arredi particolari creano un ambiente suggestivo, dove ogni dettaglio contribuisce a rendere l\u2019esperienza unica. Il nostro staff ti accoglier\u00e0 con sorrisi sinceri e ti guider\u00e0 alla scoperta di piatti tipici della nostra tradizione, preparati con ingredienti freschi e locali. Rilassati nella terrazza situata nella corte interna, con una splendida vista sul Lago di Garda, il luogo perfetto per gustare un aperitivo, pranzare o cenare. La magia del luogo raggiunge il suo apice al calar del sole, quando puoi vivere momenti di pura serenit\u00e0, circondato dalla bellezza naturale. Ogni pasto \u00e8 un invito a godere della nostra ospitalit\u00e0 e dei sapori autentici della zona, in un ambiente che ti far\u00e0 sentire sempre a casa. Scopri il nostro MENU CLICCA QUI seguici su @HOTELCORONA_SPIAZZI<\/p>","protected":false},"author":5,"featured_media":0,"parent":395,"menu_order":0,"comment_status":"closed","ping_status":"closed","template":"","meta":{"footnotes":""},"class_list":["post-1248","page","type-page","status-publish","hentry"],"blocksy_meta":[],"_links":{"self":[{"href":"https:\/\/hotelcorona-spiazzi.it\/en\/wp-json\/wp\/v2\/pages\/1248","targetHints":{"allow":["GET"]}}],"collection":[{"href":"https:\/\/hotelcorona-spiazzi.it\/en\/wp-json\/wp\/v2\/pages"}],"about":[{"href":"https:\/\/hotelcorona-spiazzi.it\/en\/wp-json\/wp\/v2\/types\/page"}],"author":[{"embeddable":true,"href":"https:\/\/hotelcorona-spiazzi.it\/en\/wp-json\/wp\/v2\/users\/5"}],"replies":[{"embeddable":true,"href":"https:\/\/hotelcorona-spiazzi.it\/en\/wp-json\/wp\/v2\/comments?post=1248"}],"version-history":[{"count":211,"href":"https:\/\/hotelcorona-spiazzi.it\/en\/wp-json\/wp\/v2\/pages\/1248\/revisions"}],"predecessor-version":[{"id":8635,"href":"https:\/\/hotelcorona-spiazzi.it\/en\/wp-json\/wp\/v2\/pages\/1248\/revisions\/8635"}],"up":[{"embeddable":true,"href":"https:\/\/hotelcorona-spiazzi.it\/en\/wp-json\/wp\/v2\/pages\/395"}],"wp:attachment":[{"href":"https:\/\/hotelcorona-spiazzi.it\/en\/wp-json\/wp\/v2\/media?parent=1248"}],"curies":[{"name":"wp","href":"https:\/\/api.w.org\/{rel}","templated":true}]}}